{"id":9962,"date":"2023-04-24T14:42:53","date_gmt":"2023-04-24T12:42:53","guid":{"rendered":"https:\/\/shop.novakdjokovicfoundation.org\/product\/male-millinsky-x-ndf-limited-edition-hoodie-dreamers-are-champions\/"},"modified":"2023-09-14T11:41:32","modified_gmt":"2023-09-14T09:41:32","slug":"millinsky-x-ndf-limited-edition-muski-hoodie-dreamers-are-champions","status":"publish","type":"product","link":"https:\/\/shop.novakdjokovicfoundation.org\/sr\/proizvod\/millinsky-x-ndf-limited-edition-muski-hoodie-dreamers-are-champions\/","title":{"rendered":"Millinsky x NDF Limited Edition Mu\u0161ki Hoodie Dreamers are Champions"},"content":{"rendered":"<p>Inspirisan radom savremenih umetnika kao \u0161to su Ed Ru\u0161a i Barbara Kruger, Millinski je poznat po tome \u0161to snagom re\u010di uspeva da iskomunicira su\u0161tinu ljudi i brendova sa kojima je radio. Na primer, kada radi sa muzi\u010dkim zvezdama, \u010desto zapo\u010dinje proces dizajna analizirajuc\u0301i tekstove pesama i birajuc\u0301i one za koje veruje da su najuticajniji i da najbolje \u201cga\u0111aju u metu\u201d. Najpoznatiji je po saradnji sa velikanima kao \u0161to su The Rolling Stones, Guns N\u2019 Roses, Arctic Monkeys, Eminem, Paul McCartney i drugi.<\/p>\n<p>Kada je u pitanju Novak \u0110okovic\u0301 Fondacija, Milinski i njegov tim bili su inspirisani misijom Fondacije i Novakovim jedinstvenim putem, pa su tako do\u0161li do slogana koji najbolje oslikava na\u0161u su\u0161tinu: DREAMERS ARE CHAMPIONS = SANJARI POSTAJU \u0160AMPIONI.<\/p>\n","protected":false},"excerpt":{"rendered":"<p>Dreamers are Champions je ograni\u010deno izdanje ka\u010dketa, majica dugih rukava i dukseva sa kapulja\u010dom koje je dizajnirao Milinski za Novak \u0110okovic\u0301 Fondaciju.<\/p>\n<div class=\"gmail_default\">Model: veli\u010dina L<\/div>\n<div class=\"gmail_default\">Visina: 188cm<\/div>\n","protected":false},"featured_media":11058,"template":"","meta":[],"product_brand":[],"product_cat":[27,117],"product_tag":[],"class_list":{"0":"post-9962","1":"product","2":"type-product","3":"status-publish","4":"has-post-thumbnail","6":"product_cat-moda","7":"product_cat-duks-sa-kapuljacom","9":"first","10":"instock","11":"taxable","12":"shipping-taxable","13":"purchasable","14":"product-type-variable","15":"has-default-attributes"},"yoast_head":"<!-- This site is optimized with the Yoast SEO plugin v27.0 - https:\/\/yoast.com\/product\/yoast-seo-wordpress\/ -->\n<title>NDF Online Shop | Millinsky x NDF Limited Edition Mu\u0161ki Hoodie Dreamers are Champions<\/title>\n<meta name=\"robots\" content=\"index, follow, max-snippet:-1, max-image-preview:large, max-video-preview:-1\" \/>\n<link rel=\"canonical\" href=\"https:\/\/shop.novakdjokovicfoundation.org\/sr\/proizvod\/millinsky-x-ndf-limited-edition-muski-hoodie-dreamers-are-champions\/\" \/>\n<meta property=\"og:locale\" content=\"sr_RS\" \/>\n<meta property=\"og:type\" content=\"article\" \/>\n<meta property=\"og:title\" content=\"NDF Online Shop | Millinsky x NDF Limited Edition Mu\u0161ki Hoodie Dreamers are Champions\" \/>\n<meta property=\"og:description\" content=\"Dreamers are Champions je ograni\u010deno izdanje ka\u010dketa, majica dugih rukava i dukseva sa kapulja\u010dom koje je dizajnirao Milinski za Novak \u0110okovic\u0301 Fondaciju. Model: veli\u010dina L Visina: 188cm\" \/>\n<meta property=\"og:url\" content=\"https:\/\/shop.novakdjokovicfoundation.org\/sr\/proizvod\/millinsky-x-ndf-limited-edition-muski-hoodie-dreamers-are-champions\/\" \/>\n<meta property=\"og:site_name\" content=\"NDF Online Shop\" \/>\n<meta property=\"article:modified_time\" content=\"2023-09-14T09:41:32+00:00\" \/>\n<meta property=\"og:image\" content=\"https:\/\/shop.novakdjokovicfoundation.org\/wp-content\/uploads\/2023\/04\/1T6A7858.webp\" \/>\n\t<meta property=\"og:image:width\" content=\"800\" \/>\n\t<meta property=\"og:image:height\" content=\"800\" \/>\n\t<meta property=\"og:image:type\" content=\"image\/webp\" \/>\n<meta name=\"twitter:card\" content=\"summary_large_image\" \/>\n<meta name=\"twitter:label1\" content=\"Procenjeno vreme \u010ditanja\" \/>\n\t<meta name=\"twitter:data1\" content=\"1 minut\" \/>\n<script type=\"application\/ld+json\" class=\"yoast-schema-graph\">{\"@context\":\"https:\/\/schema.org\",\"@graph\":[{\"@type\":\"WebPage\",\"@id\":\"https:\/\/shop.novakdjokovicfoundation.org\/sr\/proizvod\/millinsky-x-ndf-limited-edition-muski-hoodie-dreamers-are-champions\/\",\"url\":\"https:\/\/shop.novakdjokovicfoundation.org\/sr\/proizvod\/millinsky-x-ndf-limited-edition-muski-hoodie-dreamers-are-champions\/\",\"name\":\"NDF Online Shop | Millinsky x NDF Limited Edition Mu\u0161ki Hoodie Dreamers are Champions\",\"isPartOf\":{\"@id\":\"https:\/\/shop.novakdjokovicfoundation.org\/#website\"},\"primaryImageOfPage\":{\"@id\":\"https:\/\/shop.novakdjokovicfoundation.org\/sr\/proizvod\/millinsky-x-ndf-limited-edition-muski-hoodie-dreamers-are-champions\/#primaryimage\"},\"image\":{\"@id\":\"https:\/\/shop.novakdjokovicfoundation.org\/sr\/proizvod\/millinsky-x-ndf-limited-edition-muski-hoodie-dreamers-are-champions\/#primaryimage\"},\"thumbnailUrl\":\"https:\/\/shop.novakdjokovicfoundation.org\/wp-content\/uploads\/2023\/04\/1T6A7858.webp\",\"datePublished\":\"2023-04-24T12:42:53+00:00\",\"dateModified\":\"2023-09-14T09:41:32+00:00\",\"breadcrumb\":{\"@id\":\"https:\/\/shop.novakdjokovicfoundation.org\/sr\/proizvod\/millinsky-x-ndf-limited-edition-muski-hoodie-dreamers-are-champions\/#breadcrumb\"},\"inLanguage\":\"sr-RS\",\"potentialAction\":[{\"@type\":\"ReadAction\",\"target\":[\"https:\/\/shop.novakdjokovicfoundation.org\/sr\/proizvod\/millinsky-x-ndf-limited-edition-muski-hoodie-dreamers-are-champions\/\"]}]},{\"@type\":\"ImageObject\",\"inLanguage\":\"sr-RS\",\"@id\":\"https:\/\/shop.novakdjokovicfoundation.org\/sr\/proizvod\/millinsky-x-ndf-limited-edition-muski-hoodie-dreamers-are-champions\/#primaryimage\",\"url\":\"https:\/\/shop.novakdjokovicfoundation.org\/wp-content\/uploads\/2023\/04\/1T6A7858.webp\",\"contentUrl\":\"https:\/\/shop.novakdjokovicfoundation.org\/wp-content\/uploads\/2023\/04\/1T6A7858.webp\",\"width\":800,\"height\":800},{\"@type\":\"BreadcrumbList\",\"@id\":\"https:\/\/shop.novakdjokovicfoundation.org\/sr\/proizvod\/millinsky-x-ndf-limited-edition-muski-hoodie-dreamers-are-champions\/#breadcrumb\",\"itemListElement\":[{\"@type\":\"ListItem\",\"position\":1,\"name\":\"Po\u010detna\",\"item\":\"https:\/\/shop.novakdjokovicfoundation.org\/sr\/\"},{\"@type\":\"ListItem\",\"position\":2,\"name\":\"Products\",\"item\":\"https:\/\/shop.novakdjokovicfoundation.org\/shop\/\"},{\"@type\":\"ListItem\",\"position\":3,\"name\":\"Millinsky x NDF Limited Edition Mu\u0161ki Hoodie Dreamers are Champions\"}]},{\"@type\":\"WebSite\",\"@id\":\"https:\/\/shop.novakdjokovicfoundation.org\/#website\",\"url\":\"https:\/\/shop.novakdjokovicfoundation.org\/\",\"name\":\"Novak Djokovic Foundation Online Shop\",\"description\":\"\",\"potentialAction\":[{\"@type\":\"SearchAction\",\"target\":{\"@type\":\"EntryPoint\",\"urlTemplate\":\"https:\/\/shop.novakdjokovicfoundation.org\/?s={search_term_string}\"},\"query-input\":{\"@type\":\"PropertyValueSpecification\",\"valueRequired\":true,\"valueName\":\"search_term_string\"}}],\"inLanguage\":\"sr-RS\"}]}<\/script>\n<!-- \/ Yoast SEO plugin. -->","yoast_head_json":{"title":"NDF Online Shop | Millinsky x NDF Limited Edition Mu\u0161ki Hoodie Dreamers are Champions","robots":{"index":"index","follow":"follow","max-snippet":"max-snippet:-1","max-image-preview":"max-image-preview:large","max-video-preview":"max-video-preview:-1"},"canonical":"https:\/\/shop.novakdjokovicfoundation.org\/sr\/proizvod\/millinsky-x-ndf-limited-edition-muski-hoodie-dreamers-are-champions\/","og_locale":"sr_RS","og_type":"article","og_title":"NDF Online Shop | Millinsky x NDF Limited Edition Mu\u0161ki Hoodie Dreamers are Champions","og_description":"Dreamers are Champions je ograni\u010deno izdanje ka\u010dketa, majica dugih rukava i dukseva sa kapulja\u010dom koje je dizajnirao Milinski za Novak \u0110okovic\u0301 Fondaciju. Model: veli\u010dina L Visina: 188cm","og_url":"https:\/\/shop.novakdjokovicfoundation.org\/sr\/proizvod\/millinsky-x-ndf-limited-edition-muski-hoodie-dreamers-are-champions\/","og_site_name":"NDF Online Shop","article_modified_time":"2023-09-14T09:41:32+00:00","og_image":[{"width":800,"height":800,"url":"https:\/\/shop.novakdjokovicfoundation.org\/wp-content\/uploads\/2023\/04\/1T6A7858.webp","type":"image\/webp"}],"twitter_card":"summary_large_image","twitter_misc":{"Procenjeno vreme \u010ditanja":"1 minut"},"schema":{"@context":"https:\/\/schema.org","@graph":[{"@type":"WebPage","@id":"https:\/\/shop.novakdjokovicfoundation.org\/sr\/proizvod\/millinsky-x-ndf-limited-edition-muski-hoodie-dreamers-are-champions\/","url":"https:\/\/shop.novakdjokovicfoundation.org\/sr\/proizvod\/millinsky-x-ndf-limited-edition-muski-hoodie-dreamers-are-champions\/","name":"NDF Online Shop | Millinsky x NDF Limited Edition Mu\u0161ki Hoodie Dreamers are Champions","isPartOf":{"@id":"https:\/\/shop.novakdjokovicfoundation.org\/#website"},"primaryImageOfPage":{"@id":"https:\/\/shop.novakdjokovicfoundation.org\/sr\/proizvod\/millinsky-x-ndf-limited-edition-muski-hoodie-dreamers-are-champions\/#primaryimage"},"image":{"@id":"https:\/\/shop.novakdjokovicfoundation.org\/sr\/proizvod\/millinsky-x-ndf-limited-edition-muski-hoodie-dreamers-are-champions\/#primaryimage"},"thumbnailUrl":"https:\/\/shop.novakdjokovicfoundation.org\/wp-content\/uploads\/2023\/04\/1T6A7858.webp","datePublished":"2023-04-24T12:42:53+00:00","dateModified":"2023-09-14T09:41:32+00:00","breadcrumb":{"@id":"https:\/\/shop.novakdjokovicfoundation.org\/sr\/proizvod\/millinsky-x-ndf-limited-edition-muski-hoodie-dreamers-are-champions\/#breadcrumb"},"inLanguage":"sr-RS","potentialAction":[{"@type":"ReadAction","target":["https:\/\/shop.novakdjokovicfoundation.org\/sr\/proizvod\/millinsky-x-ndf-limited-edition-muski-hoodie-dreamers-are-champions\/"]}]},{"@type":"ImageObject","inLanguage":"sr-RS","@id":"https:\/\/shop.novakdjokovicfoundation.org\/sr\/proizvod\/millinsky-x-ndf-limited-edition-muski-hoodie-dreamers-are-champions\/#primaryimage","url":"https:\/\/shop.novakdjokovicfoundation.org\/wp-content\/uploads\/2023\/04\/1T6A7858.webp","contentUrl":"https:\/\/shop.novakdjokovicfoundation.org\/wp-content\/uploads\/2023\/04\/1T6A7858.webp","width":800,"height":800},{"@type":"BreadcrumbList","@id":"https:\/\/shop.novakdjokovicfoundation.org\/sr\/proizvod\/millinsky-x-ndf-limited-edition-muski-hoodie-dreamers-are-champions\/#breadcrumb","itemListElement":[{"@type":"ListItem","position":1,"name":"Po\u010detna","item":"https:\/\/shop.novakdjokovicfoundation.org\/sr\/"},{"@type":"ListItem","position":2,"name":"Products","item":"https:\/\/shop.novakdjokovicfoundation.org\/shop\/"},{"@type":"ListItem","position":3,"name":"Millinsky x NDF Limited Edition Mu\u0161ki Hoodie Dreamers are Champions"}]},{"@type":"WebSite","@id":"https:\/\/shop.novakdjokovicfoundation.org\/#website","url":"https:\/\/shop.novakdjokovicfoundation.org\/","name":"Novak Djokovic Foundation Online Shop","description":"","potentialAction":[{"@type":"SearchAction","target":{"@type":"EntryPoint","urlTemplate":"https:\/\/shop.novakdjokovicfoundation.org\/?s={search_term_string}"},"query-input":{"@type":"PropertyValueSpecification","valueRequired":true,"valueName":"search_term_string"}}],"inLanguage":"sr-RS"}]}},"_links":{"self":[{"href":"https:\/\/shop.novakdjokovicfoundation.org\/sr\/wp-json\/wp\/v2\/product\/9962","targetHints":{"allow":["GET"]}}],"collection":[{"href":"https:\/\/shop.novakdjokovicfoundation.org\/sr\/wp-json\/wp\/v2\/product"}],"about":[{"href":"https:\/\/shop.novakdjokovicfoundation.org\/sr\/wp-json\/wp\/v2\/types\/product"}],"version-history":[{"count":4,"href":"https:\/\/shop.novakdjokovicfoundation.org\/sr\/wp-json\/wp\/v2\/product\/9962\/revisions"}],"predecessor-version":[{"id":13298,"href":"https:\/\/shop.novakdjokovicfoundation.org\/sr\/wp-json\/wp\/v2\/product\/9962\/revisions\/13298"}],"wp:featuredmedia":[{"embeddable":true,"href":"https:\/\/shop.novakdjokovicfoundation.org\/sr\/wp-json\/wp\/v2\/media\/11058"}],"wp:attachment":[{"href":"https:\/\/shop.novakdjokovicfoundation.org\/sr\/wp-json\/wp\/v2\/media?parent=9962"}],"wp:term":[{"taxonomy":"product_brand","embeddable":true,"href":"https:\/\/shop.novakdjokovicfoundation.org\/sr\/wp-json\/wp\/v2\/product_brand?post=9962"},{"taxonomy":"product_cat","embeddable":true,"href":"https:\/\/shop.novakdjokovicfoundation.org\/sr\/wp-json\/wp\/v2\/product_cat?post=9962"},{"taxonomy":"product_tag","embeddable":true,"href":"https:\/\/shop.novakdjokovicfoundation.org\/sr\/wp-json\/wp\/v2\/product_tag?post=9962"}],"curies":[{"name":"wp","href":"https:\/\/api.w.org\/{rel}","templated":true}]}}