{"id":9774,"date":"2023-03-29T13:50:58","date_gmt":"2023-03-29T11:50:58","guid":{"rendered":"https:\/\/shop.novakdjokovicfoundation.org\/product\/novak-djokovics-year-end-1-yearbook-collection\/"},"modified":"2023-07-03T13:36:35","modified_gmt":"2023-07-03T11:36:35","slug":"kolekcija-limited-edition-godisnjaka-year-end-1-novaka-dokovica","status":"publish","type":"product","link":"https:\/\/shop.novakdjokovicfoundation.org\/sr\/proizvod\/kolekcija-limited-edition-godisnjaka-year-end-1-novaka-dokovica\/","title":{"rendered":"Kolekcija Limited Edition Godi\u0161njaka Year-End #1 Novaka \u0110okovi\u0107a"},"content":{"rendered":"<p><span style=\"font-weight: 400;\">Svaka knjiga je kolekcionarski predmet, a sadr\u017ei zadivljujuc\u0301e fotografije u boji visoke rezolucije, detaljnu statistiku utakmica i inspirativne citate samog \u0110okovic\u0301a. Od njegovog spektakularnog uspona 2011. do njegovog skoro kalendarskog grend slema 2021., ova ekskluzivna kolekcija pru\u017ea dubinski pogled na neke od \u0110okovic\u0301evih najvec\u0301ih trenutaka.<\/span><\/p>\n<p><span style=\"font-weight: 400;\">Proizvedena u partnerstvu sa Fondacijom Novak \u0110okovic\u0301 i ograni\u010dena na samo 1000 primeraka, ova kolekcija godi\u0161njaka je nezaobilazna za svakog ljubitelja tenisa ili istori\u010dara sporta. Ne propustite priliku da posedujete deo istorije tenisa uz kolekciju Godi\u0161njaka br. 1 Novaka \u0110okovic\u0301a!<\/span><\/p>\n","protected":false},"excerpt":{"rendered":"<p><span style=\"font-weight: 400;\">Predstavljamo vrhunsku po\u010dast jednom od najvec\u0301ih sportista u istoriji tenisa \u2013 kolekciju Godi\u0161njaka Novaka \u0110okovic\u0301a na kraju godine #1. Ova serija knjiga ograni\u010denog izdanja prikazuje put neverovatne karijere srpske teniske zvezde, bele\u017eec\u0301i njegov neuporedivi uspon na vrh ATP rang-liste i njegovu rekordnu titulu broj jedan na svetu na kraju sedme godine.<\/span><\/p>\n","protected":false},"featured_media":9785,"template":"","meta":[],"product_brand":[],"product_cat":[92],"product_tag":[],"class_list":{"0":"post-9774","1":"product","2":"type-product","3":"status-publish","4":"has-post-thumbnail","6":"product_cat-novak-djokovic-fan-kolekcija","7":"product_shipping_class-besplatno","9":"first","10":"instock","11":"taxable","12":"shipping-taxable","13":"purchasable","14":"product-type-simple"},"yoast_head":"<!-- This site is optimized with the Yoast SEO plugin v27.0 - https:\/\/yoast.com\/product\/yoast-seo-wordpress\/ -->\n<title>NDF Online Shop | Kolekcija Limited Edition Godi\u0161njaka Year-End #1 Novaka \u0110okovi\u0107a<\/title>\n<meta name=\"robots\" content=\"index, follow, max-snippet:-1, max-image-preview:large, max-video-preview:-1\" \/>\n<link rel=\"canonical\" href=\"https:\/\/shop.novakdjokovicfoundation.org\/sr\/proizvod\/kolekcija-limited-edition-godisnjaka-year-end-1-novaka-dokovica\/\" \/>\n<meta property=\"og:locale\" content=\"sr_RS\" \/>\n<meta property=\"og:type\" content=\"article\" \/>\n<meta property=\"og:title\" content=\"NDF Online Shop | Kolekcija Limited Edition Godi\u0161njaka Year-End #1 Novaka \u0110okovi\u0107a\" \/>\n<meta property=\"og:description\" content=\"Predstavljamo vrhunsku po\u010dast jednom od najvec\u0301ih sportista u istoriji tenisa \u2013 kolekciju Godi\u0161njaka Novaka \u0110okovic\u0301a na kraju godine #1. Ova serija knjiga ograni\u010denog izdanja prikazuje put neverovatne karijere srpske teniske zvezde, bele\u017eec\u0301i njegov neuporedivi uspon na vrh ATP rang-liste i njegovu rekordnu titulu broj jedan na svetu na kraju sedme godine.\" \/>\n<meta property=\"og:url\" content=\"https:\/\/shop.novakdjokovicfoundation.org\/sr\/proizvod\/kolekcija-limited-edition-godisnjaka-year-end-1-novaka-dokovica\/\" \/>\n<meta property=\"og:site_name\" content=\"NDF Online Shop\" \/>\n<meta property=\"article:modified_time\" content=\"2023-07-03T11:36:35+00:00\" \/>\n<meta property=\"og:image\" content=\"https:\/\/shop.novakdjokovicfoundation.org\/wp-content\/uploads\/2023\/03\/book-main-1.webp\" \/>\n\t<meta property=\"og:image:width\" content=\"800\" \/>\n\t<meta property=\"og:image:height\" content=\"800\" \/>\n\t<meta property=\"og:image:type\" content=\"image\/webp\" \/>\n<meta name=\"twitter:card\" content=\"summary_large_image\" \/>\n<meta name=\"twitter:label1\" content=\"Procenjeno vreme \u010ditanja\" \/>\n\t<meta name=\"twitter:data1\" content=\"1 minut\" \/>\n<script type=\"application\/ld+json\" class=\"yoast-schema-graph\">{\"@context\":\"https:\/\/schema.org\",\"@graph\":[{\"@type\":\"WebPage\",\"@id\":\"https:\/\/shop.novakdjokovicfoundation.org\/sr\/proizvod\/kolekcija-limited-edition-godisnjaka-year-end-1-novaka-dokovica\/\",\"url\":\"https:\/\/shop.novakdjokovicfoundation.org\/sr\/proizvod\/kolekcija-limited-edition-godisnjaka-year-end-1-novaka-dokovica\/\",\"name\":\"NDF Online Shop | Kolekcija Limited Edition Godi\u0161njaka Year-End #1 Novaka \u0110okovi\u0107a\",\"isPartOf\":{\"@id\":\"https:\/\/shop.novakdjokovicfoundation.org\/#website\"},\"primaryImageOfPage\":{\"@id\":\"https:\/\/shop.novakdjokovicfoundation.org\/sr\/proizvod\/kolekcija-limited-edition-godisnjaka-year-end-1-novaka-dokovica\/#primaryimage\"},\"image\":{\"@id\":\"https:\/\/shop.novakdjokovicfoundation.org\/sr\/proizvod\/kolekcija-limited-edition-godisnjaka-year-end-1-novaka-dokovica\/#primaryimage\"},\"thumbnailUrl\":\"https:\/\/shop.novakdjokovicfoundation.org\/wp-content\/uploads\/2023\/03\/book-main-1.webp\",\"datePublished\":\"2023-03-29T11:50:58+00:00\",\"dateModified\":\"2023-07-03T11:36:35+00:00\",\"breadcrumb\":{\"@id\":\"https:\/\/shop.novakdjokovicfoundation.org\/sr\/proizvod\/kolekcija-limited-edition-godisnjaka-year-end-1-novaka-dokovica\/#breadcrumb\"},\"inLanguage\":\"sr-RS\",\"potentialAction\":[{\"@type\":\"ReadAction\",\"target\":[\"https:\/\/shop.novakdjokovicfoundation.org\/sr\/proizvod\/kolekcija-limited-edition-godisnjaka-year-end-1-novaka-dokovica\/\"]}]},{\"@type\":\"ImageObject\",\"inLanguage\":\"sr-RS\",\"@id\":\"https:\/\/shop.novakdjokovicfoundation.org\/sr\/proizvod\/kolekcija-limited-edition-godisnjaka-year-end-1-novaka-dokovica\/#primaryimage\",\"url\":\"https:\/\/shop.novakdjokovicfoundation.org\/wp-content\/uploads\/2023\/03\/book-main-1.webp\",\"contentUrl\":\"https:\/\/shop.novakdjokovicfoundation.org\/wp-content\/uploads\/2023\/03\/book-main-1.webp\",\"width\":800,\"height\":800},{\"@type\":\"BreadcrumbList\",\"@id\":\"https:\/\/shop.novakdjokovicfoundation.org\/sr\/proizvod\/kolekcija-limited-edition-godisnjaka-year-end-1-novaka-dokovica\/#breadcrumb\",\"itemListElement\":[{\"@type\":\"ListItem\",\"position\":1,\"name\":\"Po\u010detna\",\"item\":\"https:\/\/shop.novakdjokovicfoundation.org\/sr\/\"},{\"@type\":\"ListItem\",\"position\":2,\"name\":\"Products\",\"item\":\"https:\/\/shop.novakdjokovicfoundation.org\/shop\/\"},{\"@type\":\"ListItem\",\"position\":3,\"name\":\"Kolekcija Limited Edition Godi\u0161njaka Year-End #1 Novaka \u0110okovi\u0107a\"}]},{\"@type\":\"WebSite\",\"@id\":\"https:\/\/shop.novakdjokovicfoundation.org\/#website\",\"url\":\"https:\/\/shop.novakdjokovicfoundation.org\/\",\"name\":\"Novak Djokovic Foundation Online Shop\",\"description\":\"\",\"potentialAction\":[{\"@type\":\"SearchAction\",\"target\":{\"@type\":\"EntryPoint\",\"urlTemplate\":\"https:\/\/shop.novakdjokovicfoundation.org\/?s={search_term_string}\"},\"query-input\":{\"@type\":\"PropertyValueSpecification\",\"valueRequired\":true,\"valueName\":\"search_term_string\"}}],\"inLanguage\":\"sr-RS\"}]}<\/script>\n<!-- \/ Yoast SEO plugin. -->","yoast_head_json":{"title":"NDF Online Shop | Kolekcija Limited Edition Godi\u0161njaka Year-End #1 Novaka \u0110okovi\u0107a","robots":{"index":"index","follow":"follow","max-snippet":"max-snippet:-1","max-image-preview":"max-image-preview:large","max-video-preview":"max-video-preview:-1"},"canonical":"https:\/\/shop.novakdjokovicfoundation.org\/sr\/proizvod\/kolekcija-limited-edition-godisnjaka-year-end-1-novaka-dokovica\/","og_locale":"sr_RS","og_type":"article","og_title":"NDF Online Shop | Kolekcija Limited Edition Godi\u0161njaka Year-End #1 Novaka \u0110okovi\u0107a","og_description":"Predstavljamo vrhunsku po\u010dast jednom od najvec\u0301ih sportista u istoriji tenisa \u2013 kolekciju Godi\u0161njaka Novaka \u0110okovic\u0301a na kraju godine #1. Ova serija knjiga ograni\u010denog izdanja prikazuje put neverovatne karijere srpske teniske zvezde, bele\u017eec\u0301i njegov neuporedivi uspon na vrh ATP rang-liste i njegovu rekordnu titulu broj jedan na svetu na kraju sedme godine.","og_url":"https:\/\/shop.novakdjokovicfoundation.org\/sr\/proizvod\/kolekcija-limited-edition-godisnjaka-year-end-1-novaka-dokovica\/","og_site_name":"NDF Online Shop","article_modified_time":"2023-07-03T11:36:35+00:00","og_image":[{"width":800,"height":800,"url":"https:\/\/shop.novakdjokovicfoundation.org\/wp-content\/uploads\/2023\/03\/book-main-1.webp","type":"image\/webp"}],"twitter_card":"summary_large_image","twitter_misc":{"Procenjeno vreme \u010ditanja":"1 minut"},"schema":{"@context":"https:\/\/schema.org","@graph":[{"@type":"WebPage","@id":"https:\/\/shop.novakdjokovicfoundation.org\/sr\/proizvod\/kolekcija-limited-edition-godisnjaka-year-end-1-novaka-dokovica\/","url":"https:\/\/shop.novakdjokovicfoundation.org\/sr\/proizvod\/kolekcija-limited-edition-godisnjaka-year-end-1-novaka-dokovica\/","name":"NDF Online Shop | Kolekcija Limited Edition Godi\u0161njaka Year-End #1 Novaka \u0110okovi\u0107a","isPartOf":{"@id":"https:\/\/shop.novakdjokovicfoundation.org\/#website"},"primaryImageOfPage":{"@id":"https:\/\/shop.novakdjokovicfoundation.org\/sr\/proizvod\/kolekcija-limited-edition-godisnjaka-year-end-1-novaka-dokovica\/#primaryimage"},"image":{"@id":"https:\/\/shop.novakdjokovicfoundation.org\/sr\/proizvod\/kolekcija-limited-edition-godisnjaka-year-end-1-novaka-dokovica\/#primaryimage"},"thumbnailUrl":"https:\/\/shop.novakdjokovicfoundation.org\/wp-content\/uploads\/2023\/03\/book-main-1.webp","datePublished":"2023-03-29T11:50:58+00:00","dateModified":"2023-07-03T11:36:35+00:00","breadcrumb":{"@id":"https:\/\/shop.novakdjokovicfoundation.org\/sr\/proizvod\/kolekcija-limited-edition-godisnjaka-year-end-1-novaka-dokovica\/#breadcrumb"},"inLanguage":"sr-RS","potentialAction":[{"@type":"ReadAction","target":["https:\/\/shop.novakdjokovicfoundation.org\/sr\/proizvod\/kolekcija-limited-edition-godisnjaka-year-end-1-novaka-dokovica\/"]}]},{"@type":"ImageObject","inLanguage":"sr-RS","@id":"https:\/\/shop.novakdjokovicfoundation.org\/sr\/proizvod\/kolekcija-limited-edition-godisnjaka-year-end-1-novaka-dokovica\/#primaryimage","url":"https:\/\/shop.novakdjokovicfoundation.org\/wp-content\/uploads\/2023\/03\/book-main-1.webp","contentUrl":"https:\/\/shop.novakdjokovicfoundation.org\/wp-content\/uploads\/2023\/03\/book-main-1.webp","width":800,"height":800},{"@type":"BreadcrumbList","@id":"https:\/\/shop.novakdjokovicfoundation.org\/sr\/proizvod\/kolekcija-limited-edition-godisnjaka-year-end-1-novaka-dokovica\/#breadcrumb","itemListElement":[{"@type":"ListItem","position":1,"name":"Po\u010detna","item":"https:\/\/shop.novakdjokovicfoundation.org\/sr\/"},{"@type":"ListItem","position":2,"name":"Products","item":"https:\/\/shop.novakdjokovicfoundation.org\/shop\/"},{"@type":"ListItem","position":3,"name":"Kolekcija Limited Edition Godi\u0161njaka Year-End #1 Novaka \u0110okovi\u0107a"}]},{"@type":"WebSite","@id":"https:\/\/shop.novakdjokovicfoundation.org\/#website","url":"https:\/\/shop.novakdjokovicfoundation.org\/","name":"Novak Djokovic Foundation Online Shop","description":"","potentialAction":[{"@type":"SearchAction","target":{"@type":"EntryPoint","urlTemplate":"https:\/\/shop.novakdjokovicfoundation.org\/?s={search_term_string}"},"query-input":{"@type":"PropertyValueSpecification","valueRequired":true,"valueName":"search_term_string"}}],"inLanguage":"sr-RS"}]}},"_links":{"self":[{"href":"https:\/\/shop.novakdjokovicfoundation.org\/sr\/wp-json\/wp\/v2\/product\/9774","targetHints":{"allow":["GET"]}}],"collection":[{"href":"https:\/\/shop.novakdjokovicfoundation.org\/sr\/wp-json\/wp\/v2\/product"}],"about":[{"href":"https:\/\/shop.novakdjokovicfoundation.org\/sr\/wp-json\/wp\/v2\/types\/product"}],"version-history":[{"count":1,"href":"https:\/\/shop.novakdjokovicfoundation.org\/sr\/wp-json\/wp\/v2\/product\/9774\/revisions"}],"predecessor-version":[{"id":9775,"href":"https:\/\/shop.novakdjokovicfoundation.org\/sr\/wp-json\/wp\/v2\/product\/9774\/revisions\/9775"}],"wp:featuredmedia":[{"embeddable":true,"href":"https:\/\/shop.novakdjokovicfoundation.org\/sr\/wp-json\/wp\/v2\/media\/9785"}],"wp:attachment":[{"href":"https:\/\/shop.novakdjokovicfoundation.org\/sr\/wp-json\/wp\/v2\/media?parent=9774"}],"wp:term":[{"taxonomy":"product_brand","embeddable":true,"href":"https:\/\/shop.novakdjokovicfoundation.org\/sr\/wp-json\/wp\/v2\/product_brand?post=9774"},{"taxonomy":"product_cat","embeddable":true,"href":"https:\/\/shop.novakdjokovicfoundation.org\/sr\/wp-json\/wp\/v2\/product_cat?post=9774"},{"taxonomy":"product_tag","embeddable":true,"href":"https:\/\/shop.novakdjokovicfoundation.org\/sr\/wp-json\/wp\/v2\/product_tag?post=9774"}],"curies":[{"name":"wp","href":"https:\/\/api.w.org\/{rel}","templated":true}]}}