{"id":9712,"date":"2023-04-21T10:29:03","date_gmt":"2023-04-21T08:29:03","guid":{"rendered":"https:\/\/shop.novakdjokovicfoundation.org\/?post_type=product&#038;p=9712"},"modified":"2023-09-14T11:36:25","modified_gmt":"2023-09-14T09:36:25","slug":"roditelji-ponovo-polaze-u-skolu-slikovnica-za-odrasle","status":"publish","type":"product","link":"https:\/\/shop.novakdjokovicfoundation.org\/sr\/proizvod\/roditelji-ponovo-polaze-u-skolu-slikovnica-za-odrasle\/","title":{"rendered":"Roditelji ponovo polaze u \u0161kolu: Slikovnica za odrasle"},"content":{"rendered":"<p><span style=\"font-weight: 400;\">Deca se nisu nau\u010dena rodila i ta \u010dinjenica govori koliko je roditeljska uloga va\u017ena. Deci treba povezanost sa roditeljima, njihova pa\u017enja, bezuslovno prihvatanje, podr\u0161ka, ljubav. Deca nisu ro\u0111ena sa znanjem \u0161ta je prihvatljivo pona\u0161anje, ne znaju \u0161ta su roditelji za njih smislili, kako treba da se pona\u0161aju kada se susretnu sa opasno\u0161\u0107u, neizvesno\u0161\u0107u, promenama. Nemaju ve\u0161tine upravljanja ose\u0107anjima, ne \u017eele da nerviraju roditelje kada pla\u010du ili kada se ljute. Gra\u0111enje odnosa sa detetom je temelj od koga sve po\u010dinje. Uticaj roditelja na dete se \u0161iri u zavisnosti od kvaliteta te povezanosti. Va\u017eno je negovati odnose koji \u0107e zadovoljavati emocionalne potrebe deteta jer, ako se to ne de\u0161ava, vremenom roditeljski uticaj slabi.<\/span><\/p>\n<p><span style=\"font-weight: 400;\">Knjiga koja je pred vama je namenjena roditeljima, kao i onima koji vole da se dru\u017ee sa decom i u tome u\u017eivaju. Ukratko, najva\u017enijim osobama u \u017eivotu najmla\u0111ih.\u00a0 <\/span><b>\u00a0<\/b><\/p>\n<p><span style=\"font-weight: 400;\">I roditelji, ba\u0161 kao i deca tra\u017ee razumevanje. Koliko ga ima, o tome ne\u0107emo ovom prilikom da sudimo: neka svako proceni prema svom iskustvu. Izvesno je da nekada treba uraditi male stvari kako bi se odnos dece i roditelja unapredio. A upravo te male stvari \u010desto nedostaju. <\/span><\/p>\n","protected":false},"excerpt":{"rendered":"<p><span style=\"font-weight: 400;\">Mali priru\u010dnik namenjen svim odva\u017enim i upla\u0161enim roditeljima koji, pored toga \u0161to vole svoju decu, \u017eele da ona izrastu u divne ljude.<\/span><\/p>\n","protected":false},"featured_media":12778,"template":"","meta":[],"product_brand":[],"product_cat":[19,121],"product_tag":[],"class_list":{"0":"post-9712","1":"product","2":"type-product","3":"status-publish","4":"has-post-thumbnail","6":"product_cat-za-roditelje","7":"product_cat-roditelji-ponovo-polaze-u-skolu-slikovnica-za-odrasle","9":"first","10":"instock","11":"taxable","12":"shipping-taxable","13":"purchasable","14":"product-type-simple"},"yoast_head":"<!-- This site is optimized with the Yoast SEO plugin v27.0 - https:\/\/yoast.com\/product\/yoast-seo-wordpress\/ -->\n<title>NDF Online Shop | Roditelji ponovo polaze u \u0161kolu: Slikovnica za odrasle<\/title>\n<meta name=\"robots\" content=\"index, follow, max-snippet:-1, max-image-preview:large, max-video-preview:-1\" \/>\n<link rel=\"canonical\" href=\"https:\/\/shop.novakdjokovicfoundation.org\/sr\/proizvod\/roditelji-ponovo-polaze-u-skolu-slikovnica-za-odrasle\/\" \/>\n<meta property=\"og:locale\" content=\"sr_RS\" \/>\n<meta property=\"og:type\" content=\"article\" \/>\n<meta property=\"og:title\" content=\"NDF Online Shop | Roditelji ponovo polaze u \u0161kolu: Slikovnica za odrasle\" \/>\n<meta property=\"og:description\" content=\"Mali priru\u010dnik namenjen svim odva\u017enim i upla\u0161enim roditeljima koji, pored toga \u0161to vole svoju decu, \u017eele da ona izrastu u divne ljude.\" \/>\n<meta property=\"og:url\" content=\"https:\/\/shop.novakdjokovicfoundation.org\/sr\/proizvod\/roditelji-ponovo-polaze-u-skolu-slikovnica-za-odrasle\/\" \/>\n<meta property=\"og:site_name\" content=\"NDF Online Shop\" \/>\n<meta property=\"article:modified_time\" content=\"2023-09-14T09:36:25+00:00\" \/>\n<meta property=\"og:image\" content=\"https:\/\/shop.novakdjokovicfoundation.org\/wp-content\/uploads\/2023\/04\/roditelji-ponovo-polaze-u-skolu.webp\" \/>\n\t<meta property=\"og:image:width\" content=\"800\" \/>\n\t<meta property=\"og:image:height\" content=\"800\" \/>\n\t<meta property=\"og:image:type\" content=\"image\/webp\" \/>\n<meta name=\"twitter:card\" content=\"summary_large_image\" \/>\n<meta name=\"twitter:label1\" content=\"Procenjeno vreme \u010ditanja\" \/>\n\t<meta name=\"twitter:data1\" content=\"1 minut\" \/>\n<script type=\"application\/ld+json\" class=\"yoast-schema-graph\">{\"@context\":\"https:\/\/schema.org\",\"@graph\":[{\"@type\":\"WebPage\",\"@id\":\"https:\/\/shop.novakdjokovicfoundation.org\/sr\/proizvod\/roditelji-ponovo-polaze-u-skolu-slikovnica-za-odrasle\/\",\"url\":\"https:\/\/shop.novakdjokovicfoundation.org\/sr\/proizvod\/roditelji-ponovo-polaze-u-skolu-slikovnica-za-odrasle\/\",\"name\":\"NDF Online Shop | Roditelji ponovo polaze u \u0161kolu: Slikovnica za odrasle\",\"isPartOf\":{\"@id\":\"https:\/\/shop.novakdjokovicfoundation.org\/#website\"},\"primaryImageOfPage\":{\"@id\":\"https:\/\/shop.novakdjokovicfoundation.org\/sr\/proizvod\/roditelji-ponovo-polaze-u-skolu-slikovnica-za-odrasle\/#primaryimage\"},\"image\":{\"@id\":\"https:\/\/shop.novakdjokovicfoundation.org\/sr\/proizvod\/roditelji-ponovo-polaze-u-skolu-slikovnica-za-odrasle\/#primaryimage\"},\"thumbnailUrl\":\"https:\/\/shop.novakdjokovicfoundation.org\/wp-content\/uploads\/2023\/04\/roditelji-ponovo-polaze-u-skolu.webp\",\"datePublished\":\"2023-04-21T08:29:03+00:00\",\"dateModified\":\"2023-09-14T09:36:25+00:00\",\"breadcrumb\":{\"@id\":\"https:\/\/shop.novakdjokovicfoundation.org\/sr\/proizvod\/roditelji-ponovo-polaze-u-skolu-slikovnica-za-odrasle\/#breadcrumb\"},\"inLanguage\":\"sr-RS\",\"potentialAction\":[{\"@type\":\"ReadAction\",\"target\":[\"https:\/\/shop.novakdjokovicfoundation.org\/sr\/proizvod\/roditelji-ponovo-polaze-u-skolu-slikovnica-za-odrasle\/\"]}]},{\"@type\":\"ImageObject\",\"inLanguage\":\"sr-RS\",\"@id\":\"https:\/\/shop.novakdjokovicfoundation.org\/sr\/proizvod\/roditelji-ponovo-polaze-u-skolu-slikovnica-za-odrasle\/#primaryimage\",\"url\":\"https:\/\/shop.novakdjokovicfoundation.org\/wp-content\/uploads\/2023\/04\/roditelji-ponovo-polaze-u-skolu.webp\",\"contentUrl\":\"https:\/\/shop.novakdjokovicfoundation.org\/wp-content\/uploads\/2023\/04\/roditelji-ponovo-polaze-u-skolu.webp\",\"width\":800,\"height\":800},{\"@type\":\"BreadcrumbList\",\"@id\":\"https:\/\/shop.novakdjokovicfoundation.org\/sr\/proizvod\/roditelji-ponovo-polaze-u-skolu-slikovnica-za-odrasle\/#breadcrumb\",\"itemListElement\":[{\"@type\":\"ListItem\",\"position\":1,\"name\":\"Po\u010detna\",\"item\":\"https:\/\/shop.novakdjokovicfoundation.org\/sr\/\"},{\"@type\":\"ListItem\",\"position\":2,\"name\":\"Products\",\"item\":\"https:\/\/shop.novakdjokovicfoundation.org\/shop\/\"},{\"@type\":\"ListItem\",\"position\":3,\"name\":\"Roditelji ponovo polaze u \u0161kolu: Slikovnica za odrasle\"}]},{\"@type\":\"WebSite\",\"@id\":\"https:\/\/shop.novakdjokovicfoundation.org\/#website\",\"url\":\"https:\/\/shop.novakdjokovicfoundation.org\/\",\"name\":\"Novak Djokovic Foundation Online Shop\",\"description\":\"\",\"potentialAction\":[{\"@type\":\"SearchAction\",\"target\":{\"@type\":\"EntryPoint\",\"urlTemplate\":\"https:\/\/shop.novakdjokovicfoundation.org\/?s={search_term_string}\"},\"query-input\":{\"@type\":\"PropertyValueSpecification\",\"valueRequired\":true,\"valueName\":\"search_term_string\"}}],\"inLanguage\":\"sr-RS\"}]}<\/script>\n<!-- \/ Yoast SEO plugin. -->","yoast_head_json":{"title":"NDF Online Shop | Roditelji ponovo polaze u \u0161kolu: Slikovnica za odrasle","robots":{"index":"index","follow":"follow","max-snippet":"max-snippet:-1","max-image-preview":"max-image-preview:large","max-video-preview":"max-video-preview:-1"},"canonical":"https:\/\/shop.novakdjokovicfoundation.org\/sr\/proizvod\/roditelji-ponovo-polaze-u-skolu-slikovnica-za-odrasle\/","og_locale":"sr_RS","og_type":"article","og_title":"NDF Online Shop | Roditelji ponovo polaze u \u0161kolu: Slikovnica za odrasle","og_description":"Mali priru\u010dnik namenjen svim odva\u017enim i upla\u0161enim roditeljima koji, pored toga \u0161to vole svoju decu, \u017eele da ona izrastu u divne ljude.","og_url":"https:\/\/shop.novakdjokovicfoundation.org\/sr\/proizvod\/roditelji-ponovo-polaze-u-skolu-slikovnica-za-odrasle\/","og_site_name":"NDF Online Shop","article_modified_time":"2023-09-14T09:36:25+00:00","og_image":[{"width":800,"height":800,"url":"https:\/\/shop.novakdjokovicfoundation.org\/wp-content\/uploads\/2023\/04\/roditelji-ponovo-polaze-u-skolu.webp","type":"image\/webp"}],"twitter_card":"summary_large_image","twitter_misc":{"Procenjeno vreme \u010ditanja":"1 minut"},"schema":{"@context":"https:\/\/schema.org","@graph":[{"@type":"WebPage","@id":"https:\/\/shop.novakdjokovicfoundation.org\/sr\/proizvod\/roditelji-ponovo-polaze-u-skolu-slikovnica-za-odrasle\/","url":"https:\/\/shop.novakdjokovicfoundation.org\/sr\/proizvod\/roditelji-ponovo-polaze-u-skolu-slikovnica-za-odrasle\/","name":"NDF Online Shop | Roditelji ponovo polaze u \u0161kolu: Slikovnica za odrasle","isPartOf":{"@id":"https:\/\/shop.novakdjokovicfoundation.org\/#website"},"primaryImageOfPage":{"@id":"https:\/\/shop.novakdjokovicfoundation.org\/sr\/proizvod\/roditelji-ponovo-polaze-u-skolu-slikovnica-za-odrasle\/#primaryimage"},"image":{"@id":"https:\/\/shop.novakdjokovicfoundation.org\/sr\/proizvod\/roditelji-ponovo-polaze-u-skolu-slikovnica-za-odrasle\/#primaryimage"},"thumbnailUrl":"https:\/\/shop.novakdjokovicfoundation.org\/wp-content\/uploads\/2023\/04\/roditelji-ponovo-polaze-u-skolu.webp","datePublished":"2023-04-21T08:29:03+00:00","dateModified":"2023-09-14T09:36:25+00:00","breadcrumb":{"@id":"https:\/\/shop.novakdjokovicfoundation.org\/sr\/proizvod\/roditelji-ponovo-polaze-u-skolu-slikovnica-za-odrasle\/#breadcrumb"},"inLanguage":"sr-RS","potentialAction":[{"@type":"ReadAction","target":["https:\/\/shop.novakdjokovicfoundation.org\/sr\/proizvod\/roditelji-ponovo-polaze-u-skolu-slikovnica-za-odrasle\/"]}]},{"@type":"ImageObject","inLanguage":"sr-RS","@id":"https:\/\/shop.novakdjokovicfoundation.org\/sr\/proizvod\/roditelji-ponovo-polaze-u-skolu-slikovnica-za-odrasle\/#primaryimage","url":"https:\/\/shop.novakdjokovicfoundation.org\/wp-content\/uploads\/2023\/04\/roditelji-ponovo-polaze-u-skolu.webp","contentUrl":"https:\/\/shop.novakdjokovicfoundation.org\/wp-content\/uploads\/2023\/04\/roditelji-ponovo-polaze-u-skolu.webp","width":800,"height":800},{"@type":"BreadcrumbList","@id":"https:\/\/shop.novakdjokovicfoundation.org\/sr\/proizvod\/roditelji-ponovo-polaze-u-skolu-slikovnica-za-odrasle\/#breadcrumb","itemListElement":[{"@type":"ListItem","position":1,"name":"Po\u010detna","item":"https:\/\/shop.novakdjokovicfoundation.org\/sr\/"},{"@type":"ListItem","position":2,"name":"Products","item":"https:\/\/shop.novakdjokovicfoundation.org\/shop\/"},{"@type":"ListItem","position":3,"name":"Roditelji ponovo polaze u \u0161kolu: Slikovnica za odrasle"}]},{"@type":"WebSite","@id":"https:\/\/shop.novakdjokovicfoundation.org\/#website","url":"https:\/\/shop.novakdjokovicfoundation.org\/","name":"Novak Djokovic Foundation Online Shop","description":"","potentialAction":[{"@type":"SearchAction","target":{"@type":"EntryPoint","urlTemplate":"https:\/\/shop.novakdjokovicfoundation.org\/?s={search_term_string}"},"query-input":{"@type":"PropertyValueSpecification","valueRequired":true,"valueName":"search_term_string"}}],"inLanguage":"sr-RS"}]}},"_links":{"self":[{"href":"https:\/\/shop.novakdjokovicfoundation.org\/sr\/wp-json\/wp\/v2\/product\/9712","targetHints":{"allow":["GET"]}}],"collection":[{"href":"https:\/\/shop.novakdjokovicfoundation.org\/sr\/wp-json\/wp\/v2\/product"}],"about":[{"href":"https:\/\/shop.novakdjokovicfoundation.org\/sr\/wp-json\/wp\/v2\/types\/product"}],"version-history":[{"count":4,"href":"https:\/\/shop.novakdjokovicfoundation.org\/sr\/wp-json\/wp\/v2\/product\/9712\/revisions"}],"predecessor-version":[{"id":10374,"href":"https:\/\/shop.novakdjokovicfoundation.org\/sr\/wp-json\/wp\/v2\/product\/9712\/revisions\/10374"}],"wp:featuredmedia":[{"embeddable":true,"href":"https:\/\/shop.novakdjokovicfoundation.org\/sr\/wp-json\/wp\/v2\/media\/12778"}],"wp:attachment":[{"href":"https:\/\/shop.novakdjokovicfoundation.org\/sr\/wp-json\/wp\/v2\/media?parent=9712"}],"wp:term":[{"taxonomy":"product_brand","embeddable":true,"href":"https:\/\/shop.novakdjokovicfoundation.org\/sr\/wp-json\/wp\/v2\/product_brand?post=9712"},{"taxonomy":"product_cat","embeddable":true,"href":"https:\/\/shop.novakdjokovicfoundation.org\/sr\/wp-json\/wp\/v2\/product_cat?post=9712"},{"taxonomy":"product_tag","embeddable":true,"href":"https:\/\/shop.novakdjokovicfoundation.org\/sr\/wp-json\/wp\/v2\/product_tag?post=9712"}],"curies":[{"name":"wp","href":"https:\/\/api.w.org\/{rel}","templated":true}]}}