{"id":15510,"date":"2024-07-05T13:57:42","date_gmt":"2024-07-05T11:57:42","guid":{"rendered":"https:\/\/shop.novakdjokovicfoundation.org\/?post_type=product&#038;p=15510"},"modified":"2024-07-05T14:35:40","modified_gmt":"2024-07-05T12:35:40","slug":"muski-duks-sivi","status":"publish","type":"product","link":"https:\/\/shop.novakdjokovicfoundation.org\/sr\/proizvod\/muski-duks-sivi\/","title":{"rendered":"Mu\u0161ki duks sivi"},"content":{"rendered":"","protected":false},"excerpt":{"rendered":"<p>Dobrodo\u0161li u svet N heroja! U carstvu gde ma\u0161ta nema granica, novi heroj se uzdi\u017ee \u2013 upoznajte N, superheroja inspirisanog na\u0161im Novakom \u0110okovic\u0301em! Sa snagom \u010detiri grend slem turnira koja se kovitlaju u simbolu N, na\u0161 heroj je spreman da pobedi svaki izazov. N Hero kolekcija iz onlajn prodavnice Novak \u0110okovic\u0301 Fondacije je tu da probudi heroja u vama. Zamislite sebe kako nosite ogrta\u010d, kako zumirate kroz dan sa nezaustavljivom energijom i hrabro\u0161c\u0301u. Ovo nije samo odec\u0301a \u2013 to je va\u0161a ulaznica u svet u kome je sve moguc\u0301e.<\/p>\n","protected":false},"featured_media":15463,"template":"","meta":[],"product_brand":[],"product_cat":[175],"product_tag":[],"class_list":{"0":"post-15510","1":"product","2":"type-product","3":"status-publish","4":"has-post-thumbnail","6":"product_cat-n-hero-sr","8":"first","9":"instock","10":"taxable","11":"shipping-taxable","12":"purchasable","13":"product-type-variable","14":"has-default-attributes"},"yoast_head":"<!-- This site is optimized with the Yoast SEO plugin v27.0 - https:\/\/yoast.com\/product\/yoast-seo-wordpress\/ -->\n<title>NDF Online Shop | Mu\u0161ki duks sivi<\/title>\n<meta name=\"robots\" content=\"index, follow, max-snippet:-1, max-image-preview:large, max-video-preview:-1\" \/>\n<link rel=\"canonical\" href=\"https:\/\/shop.novakdjokovicfoundation.org\/sr\/proizvod\/muski-duks-sivi\/\" \/>\n<meta property=\"og:locale\" content=\"sr_RS\" \/>\n<meta property=\"og:type\" content=\"article\" \/>\n<meta property=\"og:title\" content=\"NDF Online Shop | Mu\u0161ki duks sivi\" \/>\n<meta property=\"og:description\" content=\"Dobrodo\u0161li u svet N heroja! U carstvu gde ma\u0161ta nema granica, novi heroj se uzdi\u017ee \u2013 upoznajte N, superheroja inspirisanog na\u0161im Novakom \u0110okovic\u0301em! Sa snagom \u010detiri grend slem turnira koja se kovitlaju u simbolu N, na\u0161 heroj je spreman da pobedi svaki izazov. N Hero kolekcija iz onlajn prodavnice Novak \u0110okovic\u0301 Fondacije je tu da probudi heroja u vama. Zamislite sebe kako nosite ogrta\u010d, kako zumirate kroz dan sa nezaustavljivom energijom i hrabro\u0161c\u0301u. Ovo nije samo odec\u0301a \u2013 to je va\u0161a ulaznica u svet u kome je sve moguc\u0301e.\" \/>\n<meta property=\"og:url\" content=\"https:\/\/shop.novakdjokovicfoundation.org\/sr\/proizvod\/muski-duks-sivi\/\" \/>\n<meta property=\"og:site_name\" content=\"NDF Online Shop\" \/>\n<meta property=\"article:modified_time\" content=\"2024-07-05T12:35:40+00:00\" \/>\n<meta property=\"og:image\" content=\"https:\/\/shop.novakdjokovicfoundation.org\/wp-content\/uploads\/2024\/07\/Odrasli-sivi-duks-1.jpg\" \/>\n\t<meta property=\"og:image:width\" content=\"800\" \/>\n\t<meta property=\"og:image:height\" content=\"800\" \/>\n\t<meta property=\"og:image:type\" content=\"image\/jpeg\" \/>\n<meta name=\"twitter:card\" content=\"summary_large_image\" \/>\n<script type=\"application\/ld+json\" class=\"yoast-schema-graph\">{\"@context\":\"https:\/\/schema.org\",\"@graph\":[{\"@type\":\"WebPage\",\"@id\":\"https:\/\/shop.novakdjokovicfoundation.org\/sr\/proizvod\/muski-duks-sivi\/\",\"url\":\"https:\/\/shop.novakdjokovicfoundation.org\/sr\/proizvod\/muski-duks-sivi\/\",\"name\":\"NDF Online Shop | Mu\u0161ki duks sivi\",\"isPartOf\":{\"@id\":\"https:\/\/shop.novakdjokovicfoundation.org\/#website\"},\"primaryImageOfPage\":{\"@id\":\"https:\/\/shop.novakdjokovicfoundation.org\/sr\/proizvod\/muski-duks-sivi\/#primaryimage\"},\"image\":{\"@id\":\"https:\/\/shop.novakdjokovicfoundation.org\/sr\/proizvod\/muski-duks-sivi\/#primaryimage\"},\"thumbnailUrl\":\"https:\/\/shop.novakdjokovicfoundation.org\/wp-content\/uploads\/2024\/07\/Odrasli-sivi-duks-1.jpg\",\"datePublished\":\"2024-07-05T11:57:42+00:00\",\"dateModified\":\"2024-07-05T12:35:40+00:00\",\"breadcrumb\":{\"@id\":\"https:\/\/shop.novakdjokovicfoundation.org\/sr\/proizvod\/muski-duks-sivi\/#breadcrumb\"},\"inLanguage\":\"sr-RS\",\"potentialAction\":[{\"@type\":\"ReadAction\",\"target\":[\"https:\/\/shop.novakdjokovicfoundation.org\/sr\/proizvod\/muski-duks-sivi\/\"]}]},{\"@type\":\"ImageObject\",\"inLanguage\":\"sr-RS\",\"@id\":\"https:\/\/shop.novakdjokovicfoundation.org\/sr\/proizvod\/muski-duks-sivi\/#primaryimage\",\"url\":\"https:\/\/shop.novakdjokovicfoundation.org\/wp-content\/uploads\/2024\/07\/Odrasli-sivi-duks-1.jpg\",\"contentUrl\":\"https:\/\/shop.novakdjokovicfoundation.org\/wp-content\/uploads\/2024\/07\/Odrasli-sivi-duks-1.jpg\",\"width\":800,\"height\":800},{\"@type\":\"BreadcrumbList\",\"@id\":\"https:\/\/shop.novakdjokovicfoundation.org\/sr\/proizvod\/muski-duks-sivi\/#breadcrumb\",\"itemListElement\":[{\"@type\":\"ListItem\",\"position\":1,\"name\":\"Po\u010detna\",\"item\":\"https:\/\/shop.novakdjokovicfoundation.org\/sr\/\"},{\"@type\":\"ListItem\",\"position\":2,\"name\":\"Products\",\"item\":\"https:\/\/shop.novakdjokovicfoundation.org\/shop\/\"},{\"@type\":\"ListItem\",\"position\":3,\"name\":\"Mu\u0161ki duks sivi\"}]},{\"@type\":\"WebSite\",\"@id\":\"https:\/\/shop.novakdjokovicfoundation.org\/#website\",\"url\":\"https:\/\/shop.novakdjokovicfoundation.org\/\",\"name\":\"Novak Djokovic Foundation Online Shop\",\"description\":\"\",\"potentialAction\":[{\"@type\":\"SearchAction\",\"target\":{\"@type\":\"EntryPoint\",\"urlTemplate\":\"https:\/\/shop.novakdjokovicfoundation.org\/?s={search_term_string}\"},\"query-input\":{\"@type\":\"PropertyValueSpecification\",\"valueRequired\":true,\"valueName\":\"search_term_string\"}}],\"inLanguage\":\"sr-RS\"}]}<\/script>\n<!-- \/ Yoast SEO plugin. -->","yoast_head_json":{"title":"NDF Online Shop | Mu\u0161ki duks sivi","robots":{"index":"index","follow":"follow","max-snippet":"max-snippet:-1","max-image-preview":"max-image-preview:large","max-video-preview":"max-video-preview:-1"},"canonical":"https:\/\/shop.novakdjokovicfoundation.org\/sr\/proizvod\/muski-duks-sivi\/","og_locale":"sr_RS","og_type":"article","og_title":"NDF Online Shop | Mu\u0161ki duks sivi","og_description":"Dobrodo\u0161li u svet N heroja! U carstvu gde ma\u0161ta nema granica, novi heroj se uzdi\u017ee \u2013 upoznajte N, superheroja inspirisanog na\u0161im Novakom \u0110okovic\u0301em! Sa snagom \u010detiri grend slem turnira koja se kovitlaju u simbolu N, na\u0161 heroj je spreman da pobedi svaki izazov. N Hero kolekcija iz onlajn prodavnice Novak \u0110okovic\u0301 Fondacije je tu da probudi heroja u vama. Zamislite sebe kako nosite ogrta\u010d, kako zumirate kroz dan sa nezaustavljivom energijom i hrabro\u0161c\u0301u. Ovo nije samo odec\u0301a \u2013 to je va\u0161a ulaznica u svet u kome je sve moguc\u0301e.","og_url":"https:\/\/shop.novakdjokovicfoundation.org\/sr\/proizvod\/muski-duks-sivi\/","og_site_name":"NDF Online Shop","article_modified_time":"2024-07-05T12:35:40+00:00","og_image":[{"width":800,"height":800,"url":"https:\/\/shop.novakdjokovicfoundation.org\/wp-content\/uploads\/2024\/07\/Odrasli-sivi-duks-1.jpg","type":"image\/jpeg"}],"twitter_card":"summary_large_image","schema":{"@context":"https:\/\/schema.org","@graph":[{"@type":"WebPage","@id":"https:\/\/shop.novakdjokovicfoundation.org\/sr\/proizvod\/muski-duks-sivi\/","url":"https:\/\/shop.novakdjokovicfoundation.org\/sr\/proizvod\/muski-duks-sivi\/","name":"NDF Online Shop | Mu\u0161ki duks sivi","isPartOf":{"@id":"https:\/\/shop.novakdjokovicfoundation.org\/#website"},"primaryImageOfPage":{"@id":"https:\/\/shop.novakdjokovicfoundation.org\/sr\/proizvod\/muski-duks-sivi\/#primaryimage"},"image":{"@id":"https:\/\/shop.novakdjokovicfoundation.org\/sr\/proizvod\/muski-duks-sivi\/#primaryimage"},"thumbnailUrl":"https:\/\/shop.novakdjokovicfoundation.org\/wp-content\/uploads\/2024\/07\/Odrasli-sivi-duks-1.jpg","datePublished":"2024-07-05T11:57:42+00:00","dateModified":"2024-07-05T12:35:40+00:00","breadcrumb":{"@id":"https:\/\/shop.novakdjokovicfoundation.org\/sr\/proizvod\/muski-duks-sivi\/#breadcrumb"},"inLanguage":"sr-RS","potentialAction":[{"@type":"ReadAction","target":["https:\/\/shop.novakdjokovicfoundation.org\/sr\/proizvod\/muski-duks-sivi\/"]}]},{"@type":"ImageObject","inLanguage":"sr-RS","@id":"https:\/\/shop.novakdjokovicfoundation.org\/sr\/proizvod\/muski-duks-sivi\/#primaryimage","url":"https:\/\/shop.novakdjokovicfoundation.org\/wp-content\/uploads\/2024\/07\/Odrasli-sivi-duks-1.jpg","contentUrl":"https:\/\/shop.novakdjokovicfoundation.org\/wp-content\/uploads\/2024\/07\/Odrasli-sivi-duks-1.jpg","width":800,"height":800},{"@type":"BreadcrumbList","@id":"https:\/\/shop.novakdjokovicfoundation.org\/sr\/proizvod\/muski-duks-sivi\/#breadcrumb","itemListElement":[{"@type":"ListItem","position":1,"name":"Po\u010detna","item":"https:\/\/shop.novakdjokovicfoundation.org\/sr\/"},{"@type":"ListItem","position":2,"name":"Products","item":"https:\/\/shop.novakdjokovicfoundation.org\/shop\/"},{"@type":"ListItem","position":3,"name":"Mu\u0161ki duks sivi"}]},{"@type":"WebSite","@id":"https:\/\/shop.novakdjokovicfoundation.org\/#website","url":"https:\/\/shop.novakdjokovicfoundation.org\/","name":"Novak Djokovic Foundation Online Shop","description":"","potentialAction":[{"@type":"SearchAction","target":{"@type":"EntryPoint","urlTemplate":"https:\/\/shop.novakdjokovicfoundation.org\/?s={search_term_string}"},"query-input":{"@type":"PropertyValueSpecification","valueRequired":true,"valueName":"search_term_string"}}],"inLanguage":"sr-RS"}]}},"_links":{"self":[{"href":"https:\/\/shop.novakdjokovicfoundation.org\/sr\/wp-json\/wp\/v2\/product\/15510","targetHints":{"allow":["GET"]}}],"collection":[{"href":"https:\/\/shop.novakdjokovicfoundation.org\/sr\/wp-json\/wp\/v2\/product"}],"about":[{"href":"https:\/\/shop.novakdjokovicfoundation.org\/sr\/wp-json\/wp\/v2\/types\/product"}],"version-history":[{"count":1,"href":"https:\/\/shop.novakdjokovicfoundation.org\/sr\/wp-json\/wp\/v2\/product\/15510\/revisions"}],"predecessor-version":[{"id":15515,"href":"https:\/\/shop.novakdjokovicfoundation.org\/sr\/wp-json\/wp\/v2\/product\/15510\/revisions\/15515"}],"wp:featuredmedia":[{"embeddable":true,"href":"https:\/\/shop.novakdjokovicfoundation.org\/sr\/wp-json\/wp\/v2\/media\/15463"}],"wp:attachment":[{"href":"https:\/\/shop.novakdjokovicfoundation.org\/sr\/wp-json\/wp\/v2\/media?parent=15510"}],"wp:term":[{"taxonomy":"product_brand","embeddable":true,"href":"https:\/\/shop.novakdjokovicfoundation.org\/sr\/wp-json\/wp\/v2\/product_brand?post=15510"},{"taxonomy":"product_cat","embeddable":true,"href":"https:\/\/shop.novakdjokovicfoundation.org\/sr\/wp-json\/wp\/v2\/product_cat?post=15510"},{"taxonomy":"product_tag","embeddable":true,"href":"https:\/\/shop.novakdjokovicfoundation.org\/sr\/wp-json\/wp\/v2\/product_tag?post=15510"}],"curies":[{"name":"wp","href":"https:\/\/api.w.org\/{rel}","templated":true}]}}