{"id":14574,"date":"2024-01-31T11:49:47","date_gmt":"2024-01-31T10:49:47","guid":{"rendered":"https:\/\/shop.novakdjokovicfoundation.org\/?post_type=product&#038;p=14574"},"modified":"2024-02-05T11:16:38","modified_gmt":"2024-02-05T10:16:38","slug":"kartice-komplet-osecanja-nisu-izasla-iz-mode","status":"publish","type":"product","link":"https:\/\/shop.novakdjokovicfoundation.org\/sr\/proizvod\/kartice-komplet-osecanja-nisu-izasla-iz-mode\/","title":{"rendered":"Kartice komplet &#8211; Ose\u0107anja nisu iza\u0161la iz mode"},"content":{"rendered":"","protected":false},"excerpt":{"rendered":"<p><strong>Za\u0161to treba da imate komplet kartica<\/strong><\/p>\n<p><strong>OSE\u0106ANJA NISU IZA\u0160LA IZ MODE<\/strong><\/p>\n<p>Kartice pred vama, \u0107e vam pomo\u0107i da neke \u017eivotne izazove sa kojima se svi susre\u0107emo, pogledate iz drugog ugla. Sadr\u017eaj na njima \u0107e vas uputiti da pogledate unutar sebe i podsetit se da je va\u0161 \u017eivot samo va\u0161, i da vi sami najbolje znate \u0161ta je za vas najbolje, samo vam treba da verujete u to.<\/p>\n<p>I kao \u0161to ka\u017ee veliki K.G. Jung: &#8222;Ko gleda spolja, sanja; ko gleda unutra, budi se.&#8220;<\/p>\n<p>\u017divimo brzo, ose\u0107anja nas ne pitaju smeju li do\u0107i, nego do\u0111u i onda ih mi razumemo, razmatramo i dajemo im ime. U dana\u0161njem svetu ose\u0107nja mogu da postanu i destruktivne i da naru\u0161avaju ljudske odnose. U\u010deni smo da ih stavljamo ispod tepiha, \u010desto ni sre\u0107a nije dobrodo\u0161la, jer nas uveravaju da posle nje dolaze lo\u0161i dani. Na\u0161e pona\u0161anje u korenu ima razli\u010dita ose\u0107anja koja pro\u017eivljavamo. Nekada smo svesni tih ose\u0107anja, a \u010desto i nismo.<\/p>\n","protected":false},"featured_media":14576,"template":"","meta":[],"product_brand":[],"product_cat":[19],"product_tag":[],"class_list":{"0":"post-14574","1":"product","2":"type-product","3":"status-publish","4":"has-post-thumbnail","6":"product_cat-za-roditelje","8":"first","9":"instock","10":"taxable","11":"shipping-taxable","12":"purchasable","13":"product-type-simple"},"yoast_head":"<!-- This site is optimized with the Yoast SEO plugin v27.0 - https:\/\/yoast.com\/product\/yoast-seo-wordpress\/ -->\n<title>NDF Online Shop | Kartice komplet - Ose\u0107anja nisu iza\u0161la iz mode<\/title>\n<meta name=\"robots\" content=\"index, follow, max-snippet:-1, max-image-preview:large, max-video-preview:-1\" \/>\n<link rel=\"canonical\" href=\"https:\/\/shop.novakdjokovicfoundation.org\/sr\/proizvod\/kartice-komplet-osecanja-nisu-izasla-iz-mode\/\" \/>\n<meta property=\"og:locale\" content=\"sr_RS\" \/>\n<meta property=\"og:type\" content=\"article\" \/>\n<meta property=\"og:title\" content=\"NDF Online Shop | Kartice komplet - Ose\u0107anja nisu iza\u0161la iz mode\" \/>\n<meta property=\"og:description\" content=\"Za\u0161to treba da imate komplet kartica  OSE\u0106ANJA NISU IZA\u0160LA IZ MODE  Kartice pred vama, \u0107e vam pomo\u0107i da neke \u017eivotne izazove sa kojima se svi susre\u0107emo, pogledate iz drugog ugla. Sadr\u017eaj na njima \u0107e vas uputiti da pogledate unutar sebe i podsetit se da je va\u0161 \u017eivot samo va\u0161, i da vi sami najbolje znate \u0161ta je za vas najbolje, samo vam treba da verujete u to.  I kao \u0161to ka\u017ee veliki K.G. Jung: &quot;Ko gleda spolja, sanja; ko gleda unutra, budi se.&quot;  \u017divimo brzo, ose\u0107anja nas ne pitaju smeju li do\u0107i, nego do\u0111u i onda ih mi razumemo, razmatramo i dajemo im ime. U dana\u0161njem svetu ose\u0107nja mogu da postanu i destruktivne i da naru\u0161avaju ljudske odnose. U\u010deni smo da ih stavljamo ispod tepiha, \u010desto ni sre\u0107a nije dobrodo\u0161la, jer nas uveravaju da posle nje dolaze lo\u0161i dani. Na\u0161e pona\u0161anje u korenu ima razli\u010dita ose\u0107anja koja pro\u017eivljavamo. Nekada smo svesni tih ose\u0107anja, a \u010desto i nismo.\" \/>\n<meta property=\"og:url\" content=\"https:\/\/shop.novakdjokovicfoundation.org\/sr\/proizvod\/kartice-komplet-osecanja-nisu-izasla-iz-mode\/\" \/>\n<meta property=\"og:site_name\" content=\"NDF Online Shop\" \/>\n<meta property=\"article:modified_time\" content=\"2024-02-05T10:16:38+00:00\" \/>\n<meta property=\"og:image\" content=\"https:\/\/shop.novakdjokovicfoundation.org\/wp-content\/uploads\/2024\/01\/kartice.jpg\" \/>\n\t<meta property=\"og:image:width\" content=\"800\" \/>\n\t<meta property=\"og:image:height\" content=\"800\" \/>\n\t<meta property=\"og:image:type\" content=\"image\/jpeg\" \/>\n<meta name=\"twitter:card\" content=\"summary_large_image\" \/>\n<script type=\"application\/ld+json\" class=\"yoast-schema-graph\">{\"@context\":\"https:\/\/schema.org\",\"@graph\":[{\"@type\":\"WebPage\",\"@id\":\"https:\/\/shop.novakdjokovicfoundation.org\/sr\/proizvod\/kartice-komplet-osecanja-nisu-izasla-iz-mode\/\",\"url\":\"https:\/\/shop.novakdjokovicfoundation.org\/sr\/proizvod\/kartice-komplet-osecanja-nisu-izasla-iz-mode\/\",\"name\":\"NDF Online Shop | Kartice komplet - Ose\u0107anja nisu iza\u0161la iz mode\",\"isPartOf\":{\"@id\":\"https:\/\/shop.novakdjokovicfoundation.org\/#website\"},\"primaryImageOfPage\":{\"@id\":\"https:\/\/shop.novakdjokovicfoundation.org\/sr\/proizvod\/kartice-komplet-osecanja-nisu-izasla-iz-mode\/#primaryimage\"},\"image\":{\"@id\":\"https:\/\/shop.novakdjokovicfoundation.org\/sr\/proizvod\/kartice-komplet-osecanja-nisu-izasla-iz-mode\/#primaryimage\"},\"thumbnailUrl\":\"https:\/\/shop.novakdjokovicfoundation.org\/wp-content\/uploads\/2024\/01\/kartice.jpg\",\"datePublished\":\"2024-01-31T10:49:47+00:00\",\"dateModified\":\"2024-02-05T10:16:38+00:00\",\"breadcrumb\":{\"@id\":\"https:\/\/shop.novakdjokovicfoundation.org\/sr\/proizvod\/kartice-komplet-osecanja-nisu-izasla-iz-mode\/#breadcrumb\"},\"inLanguage\":\"sr-RS\",\"potentialAction\":[{\"@type\":\"ReadAction\",\"target\":[\"https:\/\/shop.novakdjokovicfoundation.org\/sr\/proizvod\/kartice-komplet-osecanja-nisu-izasla-iz-mode\/\"]}]},{\"@type\":\"ImageObject\",\"inLanguage\":\"sr-RS\",\"@id\":\"https:\/\/shop.novakdjokovicfoundation.org\/sr\/proizvod\/kartice-komplet-osecanja-nisu-izasla-iz-mode\/#primaryimage\",\"url\":\"https:\/\/shop.novakdjokovicfoundation.org\/wp-content\/uploads\/2024\/01\/kartice.jpg\",\"contentUrl\":\"https:\/\/shop.novakdjokovicfoundation.org\/wp-content\/uploads\/2024\/01\/kartice.jpg\",\"width\":800,\"height\":800},{\"@type\":\"BreadcrumbList\",\"@id\":\"https:\/\/shop.novakdjokovicfoundation.org\/sr\/proizvod\/kartice-komplet-osecanja-nisu-izasla-iz-mode\/#breadcrumb\",\"itemListElement\":[{\"@type\":\"ListItem\",\"position\":1,\"name\":\"Po\u010detna\",\"item\":\"https:\/\/shop.novakdjokovicfoundation.org\/sr\/\"},{\"@type\":\"ListItem\",\"position\":2,\"name\":\"Products\",\"item\":\"https:\/\/shop.novakdjokovicfoundation.org\/shop\/\"},{\"@type\":\"ListItem\",\"position\":3,\"name\":\"Kartice komplet \u2013 Ose\u0107anja nisu iza\u0161la iz mode\"}]},{\"@type\":\"WebSite\",\"@id\":\"https:\/\/shop.novakdjokovicfoundation.org\/#website\",\"url\":\"https:\/\/shop.novakdjokovicfoundation.org\/\",\"name\":\"Novak Djokovic Foundation Online Shop\",\"description\":\"\",\"potentialAction\":[{\"@type\":\"SearchAction\",\"target\":{\"@type\":\"EntryPoint\",\"urlTemplate\":\"https:\/\/shop.novakdjokovicfoundation.org\/?s={search_term_string}\"},\"query-input\":{\"@type\":\"PropertyValueSpecification\",\"valueRequired\":true,\"valueName\":\"search_term_string\"}}],\"inLanguage\":\"sr-RS\"}]}<\/script>\n<!-- \/ Yoast SEO plugin. -->","yoast_head_json":{"title":"NDF Online Shop | Kartice komplet - Ose\u0107anja nisu iza\u0161la iz mode","robots":{"index":"index","follow":"follow","max-snippet":"max-snippet:-1","max-image-preview":"max-image-preview:large","max-video-preview":"max-video-preview:-1"},"canonical":"https:\/\/shop.novakdjokovicfoundation.org\/sr\/proizvod\/kartice-komplet-osecanja-nisu-izasla-iz-mode\/","og_locale":"sr_RS","og_type":"article","og_title":"NDF Online Shop | Kartice komplet - Ose\u0107anja nisu iza\u0161la iz mode","og_description":"Za\u0161to treba da imate komplet kartica  OSE\u0106ANJA NISU IZA\u0160LA IZ MODE  Kartice pred vama, \u0107e vam pomo\u0107i da neke \u017eivotne izazove sa kojima se svi susre\u0107emo, pogledate iz drugog ugla. Sadr\u017eaj na njima \u0107e vas uputiti da pogledate unutar sebe i podsetit se da je va\u0161 \u017eivot samo va\u0161, i da vi sami najbolje znate \u0161ta je za vas najbolje, samo vam treba da verujete u to.  I kao \u0161to ka\u017ee veliki K.G. Jung: \"Ko gleda spolja, sanja; ko gleda unutra, budi se.\"  \u017divimo brzo, ose\u0107anja nas ne pitaju smeju li do\u0107i, nego do\u0111u i onda ih mi razumemo, razmatramo i dajemo im ime. U dana\u0161njem svetu ose\u0107nja mogu da postanu i destruktivne i da naru\u0161avaju ljudske odnose. U\u010deni smo da ih stavljamo ispod tepiha, \u010desto ni sre\u0107a nije dobrodo\u0161la, jer nas uveravaju da posle nje dolaze lo\u0161i dani. Na\u0161e pona\u0161anje u korenu ima razli\u010dita ose\u0107anja koja pro\u017eivljavamo. Nekada smo svesni tih ose\u0107anja, a \u010desto i nismo.","og_url":"https:\/\/shop.novakdjokovicfoundation.org\/sr\/proizvod\/kartice-komplet-osecanja-nisu-izasla-iz-mode\/","og_site_name":"NDF Online Shop","article_modified_time":"2024-02-05T10:16:38+00:00","og_image":[{"width":800,"height":800,"url":"https:\/\/shop.novakdjokovicfoundation.org\/wp-content\/uploads\/2024\/01\/kartice.jpg","type":"image\/jpeg"}],"twitter_card":"summary_large_image","schema":{"@context":"https:\/\/schema.org","@graph":[{"@type":"WebPage","@id":"https:\/\/shop.novakdjokovicfoundation.org\/sr\/proizvod\/kartice-komplet-osecanja-nisu-izasla-iz-mode\/","url":"https:\/\/shop.novakdjokovicfoundation.org\/sr\/proizvod\/kartice-komplet-osecanja-nisu-izasla-iz-mode\/","name":"NDF Online Shop | Kartice komplet - Ose\u0107anja nisu iza\u0161la iz mode","isPartOf":{"@id":"https:\/\/shop.novakdjokovicfoundation.org\/#website"},"primaryImageOfPage":{"@id":"https:\/\/shop.novakdjokovicfoundation.org\/sr\/proizvod\/kartice-komplet-osecanja-nisu-izasla-iz-mode\/#primaryimage"},"image":{"@id":"https:\/\/shop.novakdjokovicfoundation.org\/sr\/proizvod\/kartice-komplet-osecanja-nisu-izasla-iz-mode\/#primaryimage"},"thumbnailUrl":"https:\/\/shop.novakdjokovicfoundation.org\/wp-content\/uploads\/2024\/01\/kartice.jpg","datePublished":"2024-01-31T10:49:47+00:00","dateModified":"2024-02-05T10:16:38+00:00","breadcrumb":{"@id":"https:\/\/shop.novakdjokovicfoundation.org\/sr\/proizvod\/kartice-komplet-osecanja-nisu-izasla-iz-mode\/#breadcrumb"},"inLanguage":"sr-RS","potentialAction":[{"@type":"ReadAction","target":["https:\/\/shop.novakdjokovicfoundation.org\/sr\/proizvod\/kartice-komplet-osecanja-nisu-izasla-iz-mode\/"]}]},{"@type":"ImageObject","inLanguage":"sr-RS","@id":"https:\/\/shop.novakdjokovicfoundation.org\/sr\/proizvod\/kartice-komplet-osecanja-nisu-izasla-iz-mode\/#primaryimage","url":"https:\/\/shop.novakdjokovicfoundation.org\/wp-content\/uploads\/2024\/01\/kartice.jpg","contentUrl":"https:\/\/shop.novakdjokovicfoundation.org\/wp-content\/uploads\/2024\/01\/kartice.jpg","width":800,"height":800},{"@type":"BreadcrumbList","@id":"https:\/\/shop.novakdjokovicfoundation.org\/sr\/proizvod\/kartice-komplet-osecanja-nisu-izasla-iz-mode\/#breadcrumb","itemListElement":[{"@type":"ListItem","position":1,"name":"Po\u010detna","item":"https:\/\/shop.novakdjokovicfoundation.org\/sr\/"},{"@type":"ListItem","position":2,"name":"Products","item":"https:\/\/shop.novakdjokovicfoundation.org\/shop\/"},{"@type":"ListItem","position":3,"name":"Kartice komplet \u2013 Ose\u0107anja nisu iza\u0161la iz mode"}]},{"@type":"WebSite","@id":"https:\/\/shop.novakdjokovicfoundation.org\/#website","url":"https:\/\/shop.novakdjokovicfoundation.org\/","name":"Novak Djokovic Foundation Online Shop","description":"","potentialAction":[{"@type":"SearchAction","target":{"@type":"EntryPoint","urlTemplate":"https:\/\/shop.novakdjokovicfoundation.org\/?s={search_term_string}"},"query-input":{"@type":"PropertyValueSpecification","valueRequired":true,"valueName":"search_term_string"}}],"inLanguage":"sr-RS"}]}},"_links":{"self":[{"href":"https:\/\/shop.novakdjokovicfoundation.org\/sr\/wp-json\/wp\/v2\/product\/14574","targetHints":{"allow":["GET"]}}],"collection":[{"href":"https:\/\/shop.novakdjokovicfoundation.org\/sr\/wp-json\/wp\/v2\/product"}],"about":[{"href":"https:\/\/shop.novakdjokovicfoundation.org\/sr\/wp-json\/wp\/v2\/types\/product"}],"version-history":[{"count":3,"href":"https:\/\/shop.novakdjokovicfoundation.org\/sr\/wp-json\/wp\/v2\/product\/14574\/revisions"}],"predecessor-version":[{"id":14608,"href":"https:\/\/shop.novakdjokovicfoundation.org\/sr\/wp-json\/wp\/v2\/product\/14574\/revisions\/14608"}],"wp:featuredmedia":[{"embeddable":true,"href":"https:\/\/shop.novakdjokovicfoundation.org\/sr\/wp-json\/wp\/v2\/media\/14576"}],"wp:attachment":[{"href":"https:\/\/shop.novakdjokovicfoundation.org\/sr\/wp-json\/wp\/v2\/media?parent=14574"}],"wp:term":[{"taxonomy":"product_brand","embeddable":true,"href":"https:\/\/shop.novakdjokovicfoundation.org\/sr\/wp-json\/wp\/v2\/product_brand?post=14574"},{"taxonomy":"product_cat","embeddable":true,"href":"https:\/\/shop.novakdjokovicfoundation.org\/sr\/wp-json\/wp\/v2\/product_cat?post=14574"},{"taxonomy":"product_tag","embeddable":true,"href":"https:\/\/shop.novakdjokovicfoundation.org\/sr\/wp-json\/wp\/v2\/product_tag?post=14574"}],"curies":[{"name":"wp","href":"https:\/\/api.w.org\/{rel}","templated":true}]}}