{"id":14560,"date":"2024-01-31T11:32:26","date_gmt":"2024-01-31T10:32:26","guid":{"rendered":"https:\/\/shop.novakdjokovicfoundation.org\/?post_type=product&#038;p=14560"},"modified":"2024-01-31T14:41:59","modified_gmt":"2024-01-31T13:41:59","slug":"strahojed","status":"publish","type":"product","link":"https:\/\/shop.novakdjokovicfoundation.org\/sr\/proizvod\/strahojed\/","title":{"rendered":"Strahojed"},"content":{"rendered":"","protected":false},"excerpt":{"rendered":"<p>STRAH se javlja kada se na\u0111emo u opasnosti, bila ona zami\u0161ljena ili stvarna. Kako biste ga uspe\u0161no porazili bitno je osvestiti \u010dinjenicu DA JE ON \u010cESTO PROIZVOD NA\u0160E MA\u0160TE, koja ga hrani i uve\u0107ava.<\/p>\n<p>Strah prvo treba razoru\u017eati tako \u0161to \u0107emo ga IMENOVATI i PREPOZNATI. U tome poma\u017ee crtanje strahova, deljenje sa drugima, razgovor o tome \u0161ta nas pla\u0161i i za\u0161to.<\/p>\n<p>Mica, na\u0161a junakinja, ima mnogo strahova sa kojima se hrabro bori, ali postoje neki koji su preveliki zalogaj za nju, ali ne i za njenog vernog pomaga\u010da- STRAHOJEDA.<\/p>\n<p>Strahojeda svako mo\u017ee napraviti od papira i izuzetno je jednostavan za odr\u017eavanje- Samo ga hranite crte\u017eima\/opisima onoga od \u010dega najvi\u0161e strahujete.<\/p>\n<p>Mica ga je napravila zajedno sa svojim roditeljima, a isto mo\u017ee u\u010diniti i vi sa va\u0161im detetom.<\/p>\n<p>Kupovinom slikovnice &#8222;Strahojed&#8220; ne poma\u017eete samo svojoj deci da se izbore sa svojim strahovima, ve\u0107 i deci \u0161irom Srbije da imaju dostojanstveno detinjstvo.<\/p>\n","protected":false},"featured_media":14562,"template":"","meta":[],"product_brand":[],"product_cat":[19],"product_tag":[],"class_list":{"0":"post-14560","1":"product","2":"type-product","3":"status-publish","4":"has-post-thumbnail","6":"product_cat-za-roditelje","8":"first","9":"instock","10":"taxable","11":"shipping-taxable","12":"purchasable","13":"product-type-simple"},"yoast_head":"<!-- This site is optimized with the Yoast SEO plugin v27.0 - https:\/\/yoast.com\/product\/yoast-seo-wordpress\/ -->\n<title>NDF Online Shop | Strahojed<\/title>\n<meta name=\"robots\" content=\"index, follow, max-snippet:-1, max-image-preview:large, max-video-preview:-1\" \/>\n<link rel=\"canonical\" href=\"https:\/\/shop.novakdjokovicfoundation.org\/sr\/proizvod\/strahojed\/\" \/>\n<meta property=\"og:locale\" content=\"sr_RS\" \/>\n<meta property=\"og:type\" content=\"article\" \/>\n<meta property=\"og:title\" content=\"NDF Online Shop | Strahojed\" \/>\n<meta property=\"og:description\" content=\"STRAH se javlja kada se na\u0111emo u opasnosti, bila ona zami\u0161ljena ili stvarna. Kako biste ga uspe\u0161no porazili bitno je osvestiti \u010dinjenicu DA JE ON \u010cESTO PROIZVOD NA\u0160E MA\u0160TE, koja ga hrani i uve\u0107ava.  Strah prvo treba razoru\u017eati tako \u0161to \u0107emo ga IMENOVATI i PREPOZNATI. U tome poma\u017ee crtanje strahova, deljenje sa drugima, razgovor o tome \u0161ta nas pla\u0161i i za\u0161to.  Mica, na\u0161a junakinja, ima mnogo strahova sa kojima se hrabro bori, ali postoje neki koji su preveliki zalogaj za nju, ali ne i za njenog vernog pomaga\u010da- STRAHOJEDA.  Strahojeda svako mo\u017ee napraviti od papira i izuzetno je jednostavan za odr\u017eavanje- Samo ga hranite crte\u017eima\/opisima onoga od \u010dega najvi\u0161e strahujete.  Mica ga je napravila zajedno sa svojim roditeljima, a isto mo\u017ee u\u010diniti i vi sa va\u0161im detetom.  Kupovinom slikovnice &quot;Strahojed&quot; ne poma\u017eete samo svojoj deci da se izbore sa svojim strahovima, ve\u0107 i deci \u0161irom Srbije da imaju dostojanstveno detinjstvo.\" \/>\n<meta property=\"og:url\" content=\"https:\/\/shop.novakdjokovicfoundation.org\/sr\/proizvod\/strahojed\/\" \/>\n<meta property=\"og:site_name\" content=\"NDF Online Shop\" \/>\n<meta property=\"article:modified_time\" content=\"2024-01-31T13:41:59+00:00\" \/>\n<meta property=\"og:image\" content=\"https:\/\/shop.novakdjokovicfoundation.org\/wp-content\/uploads\/2024\/01\/strahojed.jpg\" \/>\n\t<meta property=\"og:image:width\" content=\"800\" \/>\n\t<meta property=\"og:image:height\" content=\"800\" \/>\n\t<meta property=\"og:image:type\" content=\"image\/jpeg\" \/>\n<meta name=\"twitter:card\" content=\"summary_large_image\" \/>\n<script type=\"application\/ld+json\" class=\"yoast-schema-graph\">{\"@context\":\"https:\/\/schema.org\",\"@graph\":[{\"@type\":\"WebPage\",\"@id\":\"https:\/\/shop.novakdjokovicfoundation.org\/sr\/proizvod\/strahojed\/\",\"url\":\"https:\/\/shop.novakdjokovicfoundation.org\/sr\/proizvod\/strahojed\/\",\"name\":\"NDF Online Shop | Strahojed\",\"isPartOf\":{\"@id\":\"https:\/\/shop.novakdjokovicfoundation.org\/#website\"},\"primaryImageOfPage\":{\"@id\":\"https:\/\/shop.novakdjokovicfoundation.org\/sr\/proizvod\/strahojed\/#primaryimage\"},\"image\":{\"@id\":\"https:\/\/shop.novakdjokovicfoundation.org\/sr\/proizvod\/strahojed\/#primaryimage\"},\"thumbnailUrl\":\"https:\/\/shop.novakdjokovicfoundation.org\/wp-content\/uploads\/2024\/01\/strahojed.jpg\",\"datePublished\":\"2024-01-31T10:32:26+00:00\",\"dateModified\":\"2024-01-31T13:41:59+00:00\",\"breadcrumb\":{\"@id\":\"https:\/\/shop.novakdjokovicfoundation.org\/sr\/proizvod\/strahojed\/#breadcrumb\"},\"inLanguage\":\"sr-RS\",\"potentialAction\":[{\"@type\":\"ReadAction\",\"target\":[\"https:\/\/shop.novakdjokovicfoundation.org\/sr\/proizvod\/strahojed\/\"]}]},{\"@type\":\"ImageObject\",\"inLanguage\":\"sr-RS\",\"@id\":\"https:\/\/shop.novakdjokovicfoundation.org\/sr\/proizvod\/strahojed\/#primaryimage\",\"url\":\"https:\/\/shop.novakdjokovicfoundation.org\/wp-content\/uploads\/2024\/01\/strahojed.jpg\",\"contentUrl\":\"https:\/\/shop.novakdjokovicfoundation.org\/wp-content\/uploads\/2024\/01\/strahojed.jpg\",\"width\":800,\"height\":800},{\"@type\":\"BreadcrumbList\",\"@id\":\"https:\/\/shop.novakdjokovicfoundation.org\/sr\/proizvod\/strahojed\/#breadcrumb\",\"itemListElement\":[{\"@type\":\"ListItem\",\"position\":1,\"name\":\"Po\u010detna\",\"item\":\"https:\/\/shop.novakdjokovicfoundation.org\/sr\/\"},{\"@type\":\"ListItem\",\"position\":2,\"name\":\"Products\",\"item\":\"https:\/\/shop.novakdjokovicfoundation.org\/shop\/\"},{\"@type\":\"ListItem\",\"position\":3,\"name\":\"Strahojed\"}]},{\"@type\":\"WebSite\",\"@id\":\"https:\/\/shop.novakdjokovicfoundation.org\/#website\",\"url\":\"https:\/\/shop.novakdjokovicfoundation.org\/\",\"name\":\"Novak Djokovic Foundation Online Shop\",\"description\":\"\",\"potentialAction\":[{\"@type\":\"SearchAction\",\"target\":{\"@type\":\"EntryPoint\",\"urlTemplate\":\"https:\/\/shop.novakdjokovicfoundation.org\/?s={search_term_string}\"},\"query-input\":{\"@type\":\"PropertyValueSpecification\",\"valueRequired\":true,\"valueName\":\"search_term_string\"}}],\"inLanguage\":\"sr-RS\"}]}<\/script>\n<!-- \/ Yoast SEO plugin. -->","yoast_head_json":{"title":"NDF Online Shop | Strahojed","robots":{"index":"index","follow":"follow","max-snippet":"max-snippet:-1","max-image-preview":"max-image-preview:large","max-video-preview":"max-video-preview:-1"},"canonical":"https:\/\/shop.novakdjokovicfoundation.org\/sr\/proizvod\/strahojed\/","og_locale":"sr_RS","og_type":"article","og_title":"NDF Online Shop | Strahojed","og_description":"STRAH se javlja kada se na\u0111emo u opasnosti, bila ona zami\u0161ljena ili stvarna. Kako biste ga uspe\u0161no porazili bitno je osvestiti \u010dinjenicu DA JE ON \u010cESTO PROIZVOD NA\u0160E MA\u0160TE, koja ga hrani i uve\u0107ava.  Strah prvo treba razoru\u017eati tako \u0161to \u0107emo ga IMENOVATI i PREPOZNATI. U tome poma\u017ee crtanje strahova, deljenje sa drugima, razgovor o tome \u0161ta nas pla\u0161i i za\u0161to.  Mica, na\u0161a junakinja, ima mnogo strahova sa kojima se hrabro bori, ali postoje neki koji su preveliki zalogaj za nju, ali ne i za njenog vernog pomaga\u010da- STRAHOJEDA.  Strahojeda svako mo\u017ee napraviti od papira i izuzetno je jednostavan za odr\u017eavanje- Samo ga hranite crte\u017eima\/opisima onoga od \u010dega najvi\u0161e strahujete.  Mica ga je napravila zajedno sa svojim roditeljima, a isto mo\u017ee u\u010diniti i vi sa va\u0161im detetom.  Kupovinom slikovnice \"Strahojed\" ne poma\u017eete samo svojoj deci da se izbore sa svojim strahovima, ve\u0107 i deci \u0161irom Srbije da imaju dostojanstveno detinjstvo.","og_url":"https:\/\/shop.novakdjokovicfoundation.org\/sr\/proizvod\/strahojed\/","og_site_name":"NDF Online Shop","article_modified_time":"2024-01-31T13:41:59+00:00","og_image":[{"width":800,"height":800,"url":"https:\/\/shop.novakdjokovicfoundation.org\/wp-content\/uploads\/2024\/01\/strahojed.jpg","type":"image\/jpeg"}],"twitter_card":"summary_large_image","schema":{"@context":"https:\/\/schema.org","@graph":[{"@type":"WebPage","@id":"https:\/\/shop.novakdjokovicfoundation.org\/sr\/proizvod\/strahojed\/","url":"https:\/\/shop.novakdjokovicfoundation.org\/sr\/proizvod\/strahojed\/","name":"NDF Online Shop | Strahojed","isPartOf":{"@id":"https:\/\/shop.novakdjokovicfoundation.org\/#website"},"primaryImageOfPage":{"@id":"https:\/\/shop.novakdjokovicfoundation.org\/sr\/proizvod\/strahojed\/#primaryimage"},"image":{"@id":"https:\/\/shop.novakdjokovicfoundation.org\/sr\/proizvod\/strahojed\/#primaryimage"},"thumbnailUrl":"https:\/\/shop.novakdjokovicfoundation.org\/wp-content\/uploads\/2024\/01\/strahojed.jpg","datePublished":"2024-01-31T10:32:26+00:00","dateModified":"2024-01-31T13:41:59+00:00","breadcrumb":{"@id":"https:\/\/shop.novakdjokovicfoundation.org\/sr\/proizvod\/strahojed\/#breadcrumb"},"inLanguage":"sr-RS","potentialAction":[{"@type":"ReadAction","target":["https:\/\/shop.novakdjokovicfoundation.org\/sr\/proizvod\/strahojed\/"]}]},{"@type":"ImageObject","inLanguage":"sr-RS","@id":"https:\/\/shop.novakdjokovicfoundation.org\/sr\/proizvod\/strahojed\/#primaryimage","url":"https:\/\/shop.novakdjokovicfoundation.org\/wp-content\/uploads\/2024\/01\/strahojed.jpg","contentUrl":"https:\/\/shop.novakdjokovicfoundation.org\/wp-content\/uploads\/2024\/01\/strahojed.jpg","width":800,"height":800},{"@type":"BreadcrumbList","@id":"https:\/\/shop.novakdjokovicfoundation.org\/sr\/proizvod\/strahojed\/#breadcrumb","itemListElement":[{"@type":"ListItem","position":1,"name":"Po\u010detna","item":"https:\/\/shop.novakdjokovicfoundation.org\/sr\/"},{"@type":"ListItem","position":2,"name":"Products","item":"https:\/\/shop.novakdjokovicfoundation.org\/shop\/"},{"@type":"ListItem","position":3,"name":"Strahojed"}]},{"@type":"WebSite","@id":"https:\/\/shop.novakdjokovicfoundation.org\/#website","url":"https:\/\/shop.novakdjokovicfoundation.org\/","name":"Novak Djokovic Foundation Online Shop","description":"","potentialAction":[{"@type":"SearchAction","target":{"@type":"EntryPoint","urlTemplate":"https:\/\/shop.novakdjokovicfoundation.org\/?s={search_term_string}"},"query-input":{"@type":"PropertyValueSpecification","valueRequired":true,"valueName":"search_term_string"}}],"inLanguage":"sr-RS"}]}},"_links":{"self":[{"href":"https:\/\/shop.novakdjokovicfoundation.org\/sr\/wp-json\/wp\/v2\/product\/14560","targetHints":{"allow":["GET"]}}],"collection":[{"href":"https:\/\/shop.novakdjokovicfoundation.org\/sr\/wp-json\/wp\/v2\/product"}],"about":[{"href":"https:\/\/shop.novakdjokovicfoundation.org\/sr\/wp-json\/wp\/v2\/types\/product"}],"version-history":[{"count":7,"href":"https:\/\/shop.novakdjokovicfoundation.org\/sr\/wp-json\/wp\/v2\/product\/14560\/revisions"}],"predecessor-version":[{"id":14590,"href":"https:\/\/shop.novakdjokovicfoundation.org\/sr\/wp-json\/wp\/v2\/product\/14560\/revisions\/14590"}],"wp:featuredmedia":[{"embeddable":true,"href":"https:\/\/shop.novakdjokovicfoundation.org\/sr\/wp-json\/wp\/v2\/media\/14562"}],"wp:attachment":[{"href":"https:\/\/shop.novakdjokovicfoundation.org\/sr\/wp-json\/wp\/v2\/media?parent=14560"}],"wp:term":[{"taxonomy":"product_brand","embeddable":true,"href":"https:\/\/shop.novakdjokovicfoundation.org\/sr\/wp-json\/wp\/v2\/product_brand?post=14560"},{"taxonomy":"product_cat","embeddable":true,"href":"https:\/\/shop.novakdjokovicfoundation.org\/sr\/wp-json\/wp\/v2\/product_cat?post=14560"},{"taxonomy":"product_tag","embeddable":true,"href":"https:\/\/shop.novakdjokovicfoundation.org\/sr\/wp-json\/wp\/v2\/product_tag?post=14560"}],"curies":[{"name":"wp","href":"https:\/\/api.w.org\/{rel}","templated":true}]}}