{"id":14205,"date":"2023-12-12T12:59:53","date_gmt":"2023-12-12T14:47:54","guid":{"rendered":"https:\/\/shop.novakdjokovicfoundation.org\/?post_type=product&#038;p=14205"},"modified":"2025-02-24T16:41:54","modified_gmt":"2025-02-24T15:41:54","slug":"duks-us-open-zenski-beli-copy-4","status":"publish","type":"product","link":"https:\/\/shop.novakdjokovicfoundation.org\/sr\/proizvod\/duks-us-open-zenski-beli-copy-4\/","title":{"rendered":"Duks Roland Garros \u017eenski beli"},"content":{"rendered":"","protected":false},"excerpt":{"rendered":"<p>&#8222;Moja sudbina je ono \u0161to zamislim.&#8220;<\/p>\n<p>Novak je uvek verovao u mo\u0107 ma\u0161te i vizualizacije. Ose\u0107ao je da sve \u0161to izma\u0161ta mo\u017ee postati java.<\/p>\n<p>Naj\u010distija ma\u0161ta je de\u010dja i zato je nu\u017eno u tom periodu zasaditi prvo &#8222;seme sre\u0107e&#8220; iz kojeg \u0107e se razviti njihov u\u0161u\u0161kani svet u kom je sve mogu\u0107e i koji mogu da posete kad god po\u017eele.<\/p>\n<p>Mi vas pozivamo da zavirite u razigrani svet koji je plod ma\u0161te najuspe\u0161nijeg tenisera svih vremena. Nije sve uvek bilo ovako gusto i \u0161areno, sve je po\u010delo od prvog &#8222;semena sre\u0107e&#8220; koje je zasa\u0111eno u trenutku kad je \u017eica njegovog reketa prvi put do\u0161la u kontakt sa teniskom lopticom. Bio je to veliki prasak za Novakov svet.<\/p>\n<p>Novak svojim primerom \u017eeli da podstakne decu i odrasle \u0161irom sveta da ne odustaju od svojih snova i da nikad ne prestanu da veruju. Njegova, a i na\u0161a, misija je da inspiri\u0161emo \u0161to ve\u0107i broj dece da prona\u0111u svoje &#8222;seme sre\u0107e&#8220;, da ga zasade u svoju du\u0161u i redovno zalivaju ma\u0161tom. Tada je sve mogu\u0107e!<\/p>\n","protected":false},"featured_media":14210,"template":"","meta":[],"product_brand":[],"product_cat":[125],"product_tag":[],"class_list":{"0":"post-14205","1":"product","2":"type-product","3":"status-publish","4":"has-post-thumbnail","6":"product_cat-pure-happiness-sr","8":"first","9":"instock","10":"taxable","11":"shipping-taxable","12":"purchasable","13":"product-type-variable","14":"has-default-attributes"},"yoast_head":"<!-- This site is optimized with the Yoast SEO plugin v27.0 - https:\/\/yoast.com\/product\/yoast-seo-wordpress\/ -->\n<title>NDF Online Shop | Duks Roland Garros \u017eenski beli<\/title>\n<meta name=\"robots\" content=\"index, follow, max-snippet:-1, max-image-preview:large, max-video-preview:-1\" \/>\n<link rel=\"canonical\" href=\"https:\/\/shop.novakdjokovicfoundation.org\/sr\/proizvod\/duks-us-open-zenski-beli-copy-4\/\" \/>\n<meta property=\"og:locale\" content=\"sr_RS\" \/>\n<meta property=\"og:type\" content=\"article\" \/>\n<meta property=\"og:title\" content=\"NDF Online Shop | Duks Roland Garros \u017eenski beli\" \/>\n<meta property=\"og:description\" content=\"&quot;Moja sudbina je ono \u0161to zamislim.&quot;  Novak je uvek verovao u mo\u0107 ma\u0161te i vizualizacije. Ose\u0107ao je da sve \u0161to izma\u0161ta mo\u017ee postati java.  Naj\u010distija ma\u0161ta je de\u010dja i zato je nu\u017eno u tom periodu zasaditi prvo &quot;seme sre\u0107e&quot; iz kojeg \u0107e se razviti njihov u\u0161u\u0161kani svet u kom je sve mogu\u0107e i koji mogu da posete kad god po\u017eele.  Mi vas pozivamo da zavirite u razigrani svet koji je plod ma\u0161te najuspe\u0161nijeg tenisera svih vremena. Nije sve uvek bilo ovako gusto i \u0161areno, sve je po\u010delo od prvog &quot;semena sre\u0107e&quot; koje je zasa\u0111eno u trenutku kad je \u017eica njegovog reketa prvi put do\u0161la u kontakt sa teniskom lopticom. Bio je to veliki prasak za Novakov svet.  Novak svojim primerom \u017eeli da podstakne decu i odrasle \u0161irom sveta da ne odustaju od svojih snova i da nikad ne prestanu da veruju. Njegova, a i na\u0161a, misija je da inspiri\u0161emo \u0161to ve\u0107i broj dece da prona\u0111u svoje &quot;seme sre\u0107e&quot;, da ga zasade u svoju du\u0161u i redovno zalivaju ma\u0161tom. Tada je sve mogu\u0107e!\" \/>\n<meta property=\"og:url\" content=\"https:\/\/shop.novakdjokovicfoundation.org\/sr\/proizvod\/duks-us-open-zenski-beli-copy-4\/\" \/>\n<meta property=\"og:site_name\" content=\"NDF Online Shop\" \/>\n<meta property=\"article:modified_time\" content=\"2025-02-24T15:41:54+00:00\" \/>\n<meta property=\"og:image\" content=\"https:\/\/shop.novakdjokovicfoundation.org\/wp-content\/uploads\/2023\/12\/Duks-Roland-Garros-zenski-beli.jpg\" \/>\n\t<meta property=\"og:image:width\" content=\"800\" \/>\n\t<meta property=\"og:image:height\" content=\"800\" \/>\n\t<meta property=\"og:image:type\" content=\"image\/jpeg\" \/>\n<meta name=\"twitter:card\" content=\"summary_large_image\" \/>\n<meta name=\"twitter:label1\" content=\"Procenjeno vreme \u010ditanja\" \/>\n\t<meta name=\"twitter:data1\" content=\"1 minut\" \/>\n<script type=\"application\/ld+json\" class=\"yoast-schema-graph\">{\"@context\":\"https:\/\/schema.org\",\"@graph\":[{\"@type\":\"WebPage\",\"@id\":\"https:\/\/shop.novakdjokovicfoundation.org\/sr\/proizvod\/duks-us-open-zenski-beli-copy-4\/\",\"url\":\"https:\/\/shop.novakdjokovicfoundation.org\/sr\/proizvod\/duks-us-open-zenski-beli-copy-4\/\",\"name\":\"NDF Online Shop | Duks Roland Garros \u017eenski beli\",\"isPartOf\":{\"@id\":\"https:\/\/shop.novakdjokovicfoundation.org\/#website\"},\"primaryImageOfPage\":{\"@id\":\"https:\/\/shop.novakdjokovicfoundation.org\/sr\/proizvod\/duks-us-open-zenski-beli-copy-4\/#primaryimage\"},\"image\":{\"@id\":\"https:\/\/shop.novakdjokovicfoundation.org\/sr\/proizvod\/duks-us-open-zenski-beli-copy-4\/#primaryimage\"},\"thumbnailUrl\":\"https:\/\/shop.novakdjokovicfoundation.org\/wp-content\/uploads\/2023\/12\/Duks-Roland-Garros-zenski-beli.jpg\",\"datePublished\":\"2023-12-12T14:47:54+00:00\",\"dateModified\":\"2025-02-24T15:41:54+00:00\",\"breadcrumb\":{\"@id\":\"https:\/\/shop.novakdjokovicfoundation.org\/sr\/proizvod\/duks-us-open-zenski-beli-copy-4\/#breadcrumb\"},\"inLanguage\":\"sr-RS\",\"potentialAction\":[{\"@type\":\"ReadAction\",\"target\":[\"https:\/\/shop.novakdjokovicfoundation.org\/sr\/proizvod\/duks-us-open-zenski-beli-copy-4\/\"]}]},{\"@type\":\"ImageObject\",\"inLanguage\":\"sr-RS\",\"@id\":\"https:\/\/shop.novakdjokovicfoundation.org\/sr\/proizvod\/duks-us-open-zenski-beli-copy-4\/#primaryimage\",\"url\":\"https:\/\/shop.novakdjokovicfoundation.org\/wp-content\/uploads\/2023\/12\/Duks-Roland-Garros-zenski-beli.jpg\",\"contentUrl\":\"https:\/\/shop.novakdjokovicfoundation.org\/wp-content\/uploads\/2023\/12\/Duks-Roland-Garros-zenski-beli.jpg\",\"width\":800,\"height\":800},{\"@type\":\"BreadcrumbList\",\"@id\":\"https:\/\/shop.novakdjokovicfoundation.org\/sr\/proizvod\/duks-us-open-zenski-beli-copy-4\/#breadcrumb\",\"itemListElement\":[{\"@type\":\"ListItem\",\"position\":1,\"name\":\"Po\u010detna\",\"item\":\"https:\/\/shop.novakdjokovicfoundation.org\/sr\/\"},{\"@type\":\"ListItem\",\"position\":2,\"name\":\"Products\",\"item\":\"https:\/\/shop.novakdjokovicfoundation.org\/shop\/\"},{\"@type\":\"ListItem\",\"position\":3,\"name\":\"Duks Roland Garros \u017eenski beli\"}]},{\"@type\":\"WebSite\",\"@id\":\"https:\/\/shop.novakdjokovicfoundation.org\/#website\",\"url\":\"https:\/\/shop.novakdjokovicfoundation.org\/\",\"name\":\"Novak Djokovic Foundation Online Shop\",\"description\":\"\",\"potentialAction\":[{\"@type\":\"SearchAction\",\"target\":{\"@type\":\"EntryPoint\",\"urlTemplate\":\"https:\/\/shop.novakdjokovicfoundation.org\/?s={search_term_string}\"},\"query-input\":{\"@type\":\"PropertyValueSpecification\",\"valueRequired\":true,\"valueName\":\"search_term_string\"}}],\"inLanguage\":\"sr-RS\"}]}<\/script>\n<!-- \/ Yoast SEO plugin. -->","yoast_head_json":{"title":"NDF Online Shop | Duks Roland Garros \u017eenski beli","robots":{"index":"index","follow":"follow","max-snippet":"max-snippet:-1","max-image-preview":"max-image-preview:large","max-video-preview":"max-video-preview:-1"},"canonical":"https:\/\/shop.novakdjokovicfoundation.org\/sr\/proizvod\/duks-us-open-zenski-beli-copy-4\/","og_locale":"sr_RS","og_type":"article","og_title":"NDF Online Shop | Duks Roland Garros \u017eenski beli","og_description":"\"Moja sudbina je ono \u0161to zamislim.\"  Novak je uvek verovao u mo\u0107 ma\u0161te i vizualizacije. Ose\u0107ao je da sve \u0161to izma\u0161ta mo\u017ee postati java.  Naj\u010distija ma\u0161ta je de\u010dja i zato je nu\u017eno u tom periodu zasaditi prvo \"seme sre\u0107e\" iz kojeg \u0107e se razviti njihov u\u0161u\u0161kani svet u kom je sve mogu\u0107e i koji mogu da posete kad god po\u017eele.  Mi vas pozivamo da zavirite u razigrani svet koji je plod ma\u0161te najuspe\u0161nijeg tenisera svih vremena. Nije sve uvek bilo ovako gusto i \u0161areno, sve je po\u010delo od prvog \"semena sre\u0107e\" koje je zasa\u0111eno u trenutku kad je \u017eica njegovog reketa prvi put do\u0161la u kontakt sa teniskom lopticom. Bio je to veliki prasak za Novakov svet.  Novak svojim primerom \u017eeli da podstakne decu i odrasle \u0161irom sveta da ne odustaju od svojih snova i da nikad ne prestanu da veruju. Njegova, a i na\u0161a, misija je da inspiri\u0161emo \u0161to ve\u0107i broj dece da prona\u0111u svoje \"seme sre\u0107e\", da ga zasade u svoju du\u0161u i redovno zalivaju ma\u0161tom. Tada je sve mogu\u0107e!","og_url":"https:\/\/shop.novakdjokovicfoundation.org\/sr\/proizvod\/duks-us-open-zenski-beli-copy-4\/","og_site_name":"NDF Online Shop","article_modified_time":"2025-02-24T15:41:54+00:00","og_image":[{"width":800,"height":800,"url":"https:\/\/shop.novakdjokovicfoundation.org\/wp-content\/uploads\/2023\/12\/Duks-Roland-Garros-zenski-beli.jpg","type":"image\/jpeg"}],"twitter_card":"summary_large_image","twitter_misc":{"Procenjeno vreme \u010ditanja":"1 minut"},"schema":{"@context":"https:\/\/schema.org","@graph":[{"@type":"WebPage","@id":"https:\/\/shop.novakdjokovicfoundation.org\/sr\/proizvod\/duks-us-open-zenski-beli-copy-4\/","url":"https:\/\/shop.novakdjokovicfoundation.org\/sr\/proizvod\/duks-us-open-zenski-beli-copy-4\/","name":"NDF Online Shop | Duks Roland Garros \u017eenski beli","isPartOf":{"@id":"https:\/\/shop.novakdjokovicfoundation.org\/#website"},"primaryImageOfPage":{"@id":"https:\/\/shop.novakdjokovicfoundation.org\/sr\/proizvod\/duks-us-open-zenski-beli-copy-4\/#primaryimage"},"image":{"@id":"https:\/\/shop.novakdjokovicfoundation.org\/sr\/proizvod\/duks-us-open-zenski-beli-copy-4\/#primaryimage"},"thumbnailUrl":"https:\/\/shop.novakdjokovicfoundation.org\/wp-content\/uploads\/2023\/12\/Duks-Roland-Garros-zenski-beli.jpg","datePublished":"2023-12-12T14:47:54+00:00","dateModified":"2025-02-24T15:41:54+00:00","breadcrumb":{"@id":"https:\/\/shop.novakdjokovicfoundation.org\/sr\/proizvod\/duks-us-open-zenski-beli-copy-4\/#breadcrumb"},"inLanguage":"sr-RS","potentialAction":[{"@type":"ReadAction","target":["https:\/\/shop.novakdjokovicfoundation.org\/sr\/proizvod\/duks-us-open-zenski-beli-copy-4\/"]}]},{"@type":"ImageObject","inLanguage":"sr-RS","@id":"https:\/\/shop.novakdjokovicfoundation.org\/sr\/proizvod\/duks-us-open-zenski-beli-copy-4\/#primaryimage","url":"https:\/\/shop.novakdjokovicfoundation.org\/wp-content\/uploads\/2023\/12\/Duks-Roland-Garros-zenski-beli.jpg","contentUrl":"https:\/\/shop.novakdjokovicfoundation.org\/wp-content\/uploads\/2023\/12\/Duks-Roland-Garros-zenski-beli.jpg","width":800,"height":800},{"@type":"BreadcrumbList","@id":"https:\/\/shop.novakdjokovicfoundation.org\/sr\/proizvod\/duks-us-open-zenski-beli-copy-4\/#breadcrumb","itemListElement":[{"@type":"ListItem","position":1,"name":"Po\u010detna","item":"https:\/\/shop.novakdjokovicfoundation.org\/sr\/"},{"@type":"ListItem","position":2,"name":"Products","item":"https:\/\/shop.novakdjokovicfoundation.org\/shop\/"},{"@type":"ListItem","position":3,"name":"Duks Roland Garros \u017eenski beli"}]},{"@type":"WebSite","@id":"https:\/\/shop.novakdjokovicfoundation.org\/#website","url":"https:\/\/shop.novakdjokovicfoundation.org\/","name":"Novak Djokovic Foundation Online Shop","description":"","potentialAction":[{"@type":"SearchAction","target":{"@type":"EntryPoint","urlTemplate":"https:\/\/shop.novakdjokovicfoundation.org\/?s={search_term_string}"},"query-input":{"@type":"PropertyValueSpecification","valueRequired":true,"valueName":"search_term_string"}}],"inLanguage":"sr-RS"}]}},"_links":{"self":[{"href":"https:\/\/shop.novakdjokovicfoundation.org\/sr\/wp-json\/wp\/v2\/product\/14205","targetHints":{"allow":["GET"]}}],"collection":[{"href":"https:\/\/shop.novakdjokovicfoundation.org\/sr\/wp-json\/wp\/v2\/product"}],"about":[{"href":"https:\/\/shop.novakdjokovicfoundation.org\/sr\/wp-json\/wp\/v2\/types\/product"}],"version-history":[{"count":2,"href":"https:\/\/shop.novakdjokovicfoundation.org\/sr\/wp-json\/wp\/v2\/product\/14205\/revisions"}],"predecessor-version":[{"id":14224,"href":"https:\/\/shop.novakdjokovicfoundation.org\/sr\/wp-json\/wp\/v2\/product\/14205\/revisions\/14224"}],"wp:featuredmedia":[{"embeddable":true,"href":"https:\/\/shop.novakdjokovicfoundation.org\/sr\/wp-json\/wp\/v2\/media\/14210"}],"wp:attachment":[{"href":"https:\/\/shop.novakdjokovicfoundation.org\/sr\/wp-json\/wp\/v2\/media?parent=14205"}],"wp:term":[{"taxonomy":"product_brand","embeddable":true,"href":"https:\/\/shop.novakdjokovicfoundation.org\/sr\/wp-json\/wp\/v2\/product_brand?post=14205"},{"taxonomy":"product_cat","embeddable":true,"href":"https:\/\/shop.novakdjokovicfoundation.org\/sr\/wp-json\/wp\/v2\/product_cat?post=14205"},{"taxonomy":"product_tag","embeddable":true,"href":"https:\/\/shop.novakdjokovicfoundation.org\/sr\/wp-json\/wp\/v2\/product_tag?post=14205"}],"curies":[{"name":"wp","href":"https:\/\/api.w.org\/{rel}","templated":true}]}}