{"id":12921,"date":"2023-09-12T16:54:08","date_gmt":"2023-09-12T14:54:08","guid":{"rendered":"https:\/\/shop.novakdjokovicfoundation.org\/?post_type=product&#038;p=12921"},"modified":"2024-01-18T13:32:05","modified_gmt":"2024-01-18T12:32:05","slug":"zenska-ndf-majica-us-open-2023","status":"publish","type":"product","link":"https:\/\/shop.novakdjokovicfoundation.org\/sr\/proizvod\/zenska-ndf-majica-us-open-2023\/","title":{"rendered":"\u017denska NDF majica US Open 2023"},"content":{"rendered":"","protected":false},"excerpt":{"rendered":"<p>Novak uvek sti\u017ee na vreme, jer njegovo vreme nikad ne prolazi.<\/p>\n<p>U svetu ma\u0161te dan traje dokle god verujemo u \u010duda. U Novakovoj ma\u0161ti \u010duda koja defini\u0161u vreme su GRAND SLAM titule. Novakov sat, kao i on, nema ograni\u010denja i svakim otkucajem pomera granice, \u0161to govori i \u010dinjenica da osvajanjem US OPEN-a ulazi u 25. sat. Brojanje je svakom titulom sve te\u017ee, ali i uzbudljivije. Da li \u0107e se kazaljka pomeriti na AUSTRALIAN OPEN-u?<\/p>\n","protected":false},"featured_media":14495,"template":"","meta":[],"product_brand":[],"product_cat":[125],"product_tag":[],"class_list":{"0":"post-12921","1":"product","2":"type-product","3":"status-publish","4":"has-post-thumbnail","6":"product_cat-pure-happiness-sr","8":"first","9":"instock","10":"taxable","11":"shipping-taxable","12":"purchasable","13":"product-type-variable","14":"has-default-attributes"},"yoast_head":"<!-- This site is optimized with the Yoast SEO plugin v27.0 - https:\/\/yoast.com\/product\/yoast-seo-wordpress\/ -->\n<title>NDF Online Shop | \u017denska NDF majica US Open 2023<\/title>\n<meta name=\"robots\" content=\"index, follow, max-snippet:-1, max-image-preview:large, max-video-preview:-1\" \/>\n<link rel=\"canonical\" href=\"https:\/\/shop.novakdjokovicfoundation.org\/sr\/proizvod\/zenska-ndf-majica-us-open-2023\/\" \/>\n<meta property=\"og:locale\" content=\"sr_RS\" \/>\n<meta property=\"og:type\" content=\"article\" \/>\n<meta property=\"og:title\" content=\"NDF Online Shop | \u017denska NDF majica US Open 2023\" \/>\n<meta property=\"og:description\" content=\"Novak uvek sti\u017ee na vreme, jer njegovo vreme nikad ne prolazi.  U svetu ma\u0161te dan traje dokle god verujemo u \u010duda. U Novakovoj ma\u0161ti \u010duda koja defini\u0161u vreme su GRAND SLAM titule. Novakov sat, kao i on, nema ograni\u010denja i svakim otkucajem pomera granice, \u0161to govori i \u010dinjenica da osvajanjem US OPEN-a ulazi u 25. sat. Brojanje je svakom titulom sve te\u017ee, ali i uzbudljivije. Da li \u0107e se kazaljka pomeriti na AUSTRALIAN OPEN-u?\" \/>\n<meta property=\"og:url\" content=\"https:\/\/shop.novakdjokovicfoundation.org\/sr\/proizvod\/zenska-ndf-majica-us-open-2023\/\" \/>\n<meta property=\"og:site_name\" content=\"NDF Online Shop\" \/>\n<meta property=\"article:modified_time\" content=\"2024-01-18T12:32:05+00:00\" \/>\n<meta property=\"og:image\" content=\"https:\/\/shop.novakdjokovicfoundation.org\/wp-content\/uploads\/2023\/09\/Female-NDF-T-shirt-US-Open-2023-3.jpg\" \/>\n\t<meta property=\"og:image:width\" content=\"800\" \/>\n\t<meta property=\"og:image:height\" content=\"800\" \/>\n\t<meta property=\"og:image:type\" content=\"image\/jpeg\" \/>\n<meta name=\"twitter:card\" content=\"summary_large_image\" \/>\n<script type=\"application\/ld+json\" class=\"yoast-schema-graph\">{\"@context\":\"https:\/\/schema.org\",\"@graph\":[{\"@type\":\"WebPage\",\"@id\":\"https:\/\/shop.novakdjokovicfoundation.org\/sr\/proizvod\/zenska-ndf-majica-us-open-2023\/\",\"url\":\"https:\/\/shop.novakdjokovicfoundation.org\/sr\/proizvod\/zenska-ndf-majica-us-open-2023\/\",\"name\":\"NDF Online Shop | \u017denska NDF majica US Open 2023\",\"isPartOf\":{\"@id\":\"https:\/\/shop.novakdjokovicfoundation.org\/#website\"},\"primaryImageOfPage\":{\"@id\":\"https:\/\/shop.novakdjokovicfoundation.org\/sr\/proizvod\/zenska-ndf-majica-us-open-2023\/#primaryimage\"},\"image\":{\"@id\":\"https:\/\/shop.novakdjokovicfoundation.org\/sr\/proizvod\/zenska-ndf-majica-us-open-2023\/#primaryimage\"},\"thumbnailUrl\":\"https:\/\/shop.novakdjokovicfoundation.org\/wp-content\/uploads\/2023\/09\/Female-NDF-T-shirt-US-Open-2023-3.jpg\",\"datePublished\":\"2023-09-12T14:54:08+00:00\",\"dateModified\":\"2024-01-18T12:32:05+00:00\",\"breadcrumb\":{\"@id\":\"https:\/\/shop.novakdjokovicfoundation.org\/sr\/proizvod\/zenska-ndf-majica-us-open-2023\/#breadcrumb\"},\"inLanguage\":\"sr-RS\",\"potentialAction\":[{\"@type\":\"ReadAction\",\"target\":[\"https:\/\/shop.novakdjokovicfoundation.org\/sr\/proizvod\/zenska-ndf-majica-us-open-2023\/\"]}]},{\"@type\":\"ImageObject\",\"inLanguage\":\"sr-RS\",\"@id\":\"https:\/\/shop.novakdjokovicfoundation.org\/sr\/proizvod\/zenska-ndf-majica-us-open-2023\/#primaryimage\",\"url\":\"https:\/\/shop.novakdjokovicfoundation.org\/wp-content\/uploads\/2023\/09\/Female-NDF-T-shirt-US-Open-2023-3.jpg\",\"contentUrl\":\"https:\/\/shop.novakdjokovicfoundation.org\/wp-content\/uploads\/2023\/09\/Female-NDF-T-shirt-US-Open-2023-3.jpg\",\"width\":800,\"height\":800},{\"@type\":\"BreadcrumbList\",\"@id\":\"https:\/\/shop.novakdjokovicfoundation.org\/sr\/proizvod\/zenska-ndf-majica-us-open-2023\/#breadcrumb\",\"itemListElement\":[{\"@type\":\"ListItem\",\"position\":1,\"name\":\"Po\u010detna\",\"item\":\"https:\/\/shop.novakdjokovicfoundation.org\/sr\/\"},{\"@type\":\"ListItem\",\"position\":2,\"name\":\"Products\",\"item\":\"https:\/\/shop.novakdjokovicfoundation.org\/shop\/\"},{\"@type\":\"ListItem\",\"position\":3,\"name\":\"\u017denska NDF majica US Open 2023\"}]},{\"@type\":\"WebSite\",\"@id\":\"https:\/\/shop.novakdjokovicfoundation.org\/#website\",\"url\":\"https:\/\/shop.novakdjokovicfoundation.org\/\",\"name\":\"Novak Djokovic Foundation Online Shop\",\"description\":\"\",\"potentialAction\":[{\"@type\":\"SearchAction\",\"target\":{\"@type\":\"EntryPoint\",\"urlTemplate\":\"https:\/\/shop.novakdjokovicfoundation.org\/?s={search_term_string}\"},\"query-input\":{\"@type\":\"PropertyValueSpecification\",\"valueRequired\":true,\"valueName\":\"search_term_string\"}}],\"inLanguage\":\"sr-RS\"}]}<\/script>\n<!-- \/ Yoast SEO plugin. -->","yoast_head_json":{"title":"NDF Online Shop | \u017denska NDF majica US Open 2023","robots":{"index":"index","follow":"follow","max-snippet":"max-snippet:-1","max-image-preview":"max-image-preview:large","max-video-preview":"max-video-preview:-1"},"canonical":"https:\/\/shop.novakdjokovicfoundation.org\/sr\/proizvod\/zenska-ndf-majica-us-open-2023\/","og_locale":"sr_RS","og_type":"article","og_title":"NDF Online Shop | \u017denska NDF majica US Open 2023","og_description":"Novak uvek sti\u017ee na vreme, jer njegovo vreme nikad ne prolazi.  U svetu ma\u0161te dan traje dokle god verujemo u \u010duda. U Novakovoj ma\u0161ti \u010duda koja defini\u0161u vreme su GRAND SLAM titule. Novakov sat, kao i on, nema ograni\u010denja i svakim otkucajem pomera granice, \u0161to govori i \u010dinjenica da osvajanjem US OPEN-a ulazi u 25. sat. Brojanje je svakom titulom sve te\u017ee, ali i uzbudljivije. Da li \u0107e se kazaljka pomeriti na AUSTRALIAN OPEN-u?","og_url":"https:\/\/shop.novakdjokovicfoundation.org\/sr\/proizvod\/zenska-ndf-majica-us-open-2023\/","og_site_name":"NDF Online Shop","article_modified_time":"2024-01-18T12:32:05+00:00","og_image":[{"width":800,"height":800,"url":"https:\/\/shop.novakdjokovicfoundation.org\/wp-content\/uploads\/2023\/09\/Female-NDF-T-shirt-US-Open-2023-3.jpg","type":"image\/jpeg"}],"twitter_card":"summary_large_image","schema":{"@context":"https:\/\/schema.org","@graph":[{"@type":"WebPage","@id":"https:\/\/shop.novakdjokovicfoundation.org\/sr\/proizvod\/zenska-ndf-majica-us-open-2023\/","url":"https:\/\/shop.novakdjokovicfoundation.org\/sr\/proizvod\/zenska-ndf-majica-us-open-2023\/","name":"NDF Online Shop | \u017denska NDF majica US Open 2023","isPartOf":{"@id":"https:\/\/shop.novakdjokovicfoundation.org\/#website"},"primaryImageOfPage":{"@id":"https:\/\/shop.novakdjokovicfoundation.org\/sr\/proizvod\/zenska-ndf-majica-us-open-2023\/#primaryimage"},"image":{"@id":"https:\/\/shop.novakdjokovicfoundation.org\/sr\/proizvod\/zenska-ndf-majica-us-open-2023\/#primaryimage"},"thumbnailUrl":"https:\/\/shop.novakdjokovicfoundation.org\/wp-content\/uploads\/2023\/09\/Female-NDF-T-shirt-US-Open-2023-3.jpg","datePublished":"2023-09-12T14:54:08+00:00","dateModified":"2024-01-18T12:32:05+00:00","breadcrumb":{"@id":"https:\/\/shop.novakdjokovicfoundation.org\/sr\/proizvod\/zenska-ndf-majica-us-open-2023\/#breadcrumb"},"inLanguage":"sr-RS","potentialAction":[{"@type":"ReadAction","target":["https:\/\/shop.novakdjokovicfoundation.org\/sr\/proizvod\/zenska-ndf-majica-us-open-2023\/"]}]},{"@type":"ImageObject","inLanguage":"sr-RS","@id":"https:\/\/shop.novakdjokovicfoundation.org\/sr\/proizvod\/zenska-ndf-majica-us-open-2023\/#primaryimage","url":"https:\/\/shop.novakdjokovicfoundation.org\/wp-content\/uploads\/2023\/09\/Female-NDF-T-shirt-US-Open-2023-3.jpg","contentUrl":"https:\/\/shop.novakdjokovicfoundation.org\/wp-content\/uploads\/2023\/09\/Female-NDF-T-shirt-US-Open-2023-3.jpg","width":800,"height":800},{"@type":"BreadcrumbList","@id":"https:\/\/shop.novakdjokovicfoundation.org\/sr\/proizvod\/zenska-ndf-majica-us-open-2023\/#breadcrumb","itemListElement":[{"@type":"ListItem","position":1,"name":"Po\u010detna","item":"https:\/\/shop.novakdjokovicfoundation.org\/sr\/"},{"@type":"ListItem","position":2,"name":"Products","item":"https:\/\/shop.novakdjokovicfoundation.org\/shop\/"},{"@type":"ListItem","position":3,"name":"\u017denska NDF majica US Open 2023"}]},{"@type":"WebSite","@id":"https:\/\/shop.novakdjokovicfoundation.org\/#website","url":"https:\/\/shop.novakdjokovicfoundation.org\/","name":"Novak Djokovic Foundation Online Shop","description":"","potentialAction":[{"@type":"SearchAction","target":{"@type":"EntryPoint","urlTemplate":"https:\/\/shop.novakdjokovicfoundation.org\/?s={search_term_string}"},"query-input":{"@type":"PropertyValueSpecification","valueRequired":true,"valueName":"search_term_string"}}],"inLanguage":"sr-RS"}]}},"_links":{"self":[{"href":"https:\/\/shop.novakdjokovicfoundation.org\/sr\/wp-json\/wp\/v2\/product\/12921","targetHints":{"allow":["GET"]}}],"collection":[{"href":"https:\/\/shop.novakdjokovicfoundation.org\/sr\/wp-json\/wp\/v2\/product"}],"about":[{"href":"https:\/\/shop.novakdjokovicfoundation.org\/sr\/wp-json\/wp\/v2\/types\/product"}],"version-history":[{"count":3,"href":"https:\/\/shop.novakdjokovicfoundation.org\/sr\/wp-json\/wp\/v2\/product\/12921\/revisions"}],"predecessor-version":[{"id":14523,"href":"https:\/\/shop.novakdjokovicfoundation.org\/sr\/wp-json\/wp\/v2\/product\/12921\/revisions\/14523"}],"wp:featuredmedia":[{"embeddable":true,"href":"https:\/\/shop.novakdjokovicfoundation.org\/sr\/wp-json\/wp\/v2\/media\/14495"}],"wp:attachment":[{"href":"https:\/\/shop.novakdjokovicfoundation.org\/sr\/wp-json\/wp\/v2\/media?parent=12921"}],"wp:term":[{"taxonomy":"product_brand","embeddable":true,"href":"https:\/\/shop.novakdjokovicfoundation.org\/sr\/wp-json\/wp\/v2\/product_brand?post=12921"},{"taxonomy":"product_cat","embeddable":true,"href":"https:\/\/shop.novakdjokovicfoundation.org\/sr\/wp-json\/wp\/v2\/product_cat?post=12921"},{"taxonomy":"product_tag","embeddable":true,"href":"https:\/\/shop.novakdjokovicfoundation.org\/sr\/wp-json\/wp\/v2\/product_tag?post=12921"}],"curies":[{"name":"wp","href":"https:\/\/api.w.org\/{rel}","templated":true}]}}