{"id":8724,"date":"2022-12-01T13:33:50","date_gmt":"2022-12-01T12:33:50","guid":{"rendered":"https:\/\/shop.novakdjokovicfoundation.org\/?page_id=8724"},"modified":"2023-07-25T13:16:34","modified_gmt":"2023-07-25T11:16:34","slug":"uslovi-koriscenja","status":"publish","type":"page","link":"https:\/\/shop.novakdjokovicfoundation.org\/sr\/uslovi-koriscenja\/","title":{"rendered":"Uslovi kori\u0161\u0107enja"},"content":{"rendered":"\t\t<div data-elementor-type=\"wp-page\" data-elementor-id=\"8724\" class=\"elementor elementor-8724\">\n\t\t\t\t\t\t<section class=\"elementor-section elementor-top-section elementor-element elementor-element-40fc554d elementor-section-boxed elementor-section-height-default elementor-section-height-default\" data-id=\"40fc554d\" data-element_type=\"section\" data-e-type=\"section\">\n\t\t\t\t\t\t<div class=\"elementor-container elementor-column-gap-default\">\n\t\t\t\t\t<div class=\"elementor-column elementor-col-100 elementor-top-column elementor-element elementor-element-3bb63958\" data-id=\"3bb63958\" data-element_type=\"column\" data-e-type=\"column\">\n\t\t\t<div class=\"elementor-widget-wrap elementor-element-populated\">\n\t\t\t\t\t\t<div class=\"elementor-element elementor-element-1ddc586b color-scheme-inherit text-left elementor-widget elementor-widget-text-editor\" data-id=\"1ddc586b\" data-element_type=\"widget\" data-e-type=\"widget\" data-widget_type=\"text-editor.default\">\n\t\t\t\t<div class=\"elementor-widget-container\">\n\t\t\t\t\t\t\t\t\t\n<p style=\"text-align: center;\"><span style=\"color: #000000;\"><strong>OP\u0160TI USLOVI KORI\u0160\u0106ENJA<\/strong><\/span><\/p>\n<p style=\"text-align: left;\">FONDACIJA NOVAK \u0110OKOVI\u0106 <br \/>Bulevar Arsenija Carnojevica 59b<br \/>Mati\u010dni broj: 17702041<br \/>PIB: 105377699<br \/>\u0160ifra delatnosti: 9499 &#8211; Delatnost ostalih organizacija na bazi u\u010dlanjenja<br \/>Kontakt telefon: +381112600010<br \/>Kontakt email: education@novakdjokovicfoundation.org<\/p>\n<p style=\"text-align: left;\">Na osnovu odredbe \u010dl.12. i \u010dl.26. Zakona o za\u0161titi potro\u0161a\u010da, Fondacija Novak \u0110okovi\u0107, svoje cenjene potro\u0161a\u010de koji usluge kupuju putem internet sajta www.novakdjokovicfoundation.org i <a href=\"https:\/\/shop.novakdjokovicfoundation.org\/\">https:\/\/shop.novakdjokovicfoundation.org\/<\/a><\/p>\n<p style=\"text-align: center;\"><span style=\"color: #000000;\">O B A V E \u0160 T A V A<\/span><\/p>\n<p style=\"text-align: left;\">&#8211; da se prodaja usluga putem internet sajta www.novakdjokovicfoundation.org i https:\/\/onlineacademy.novakdjokovicfoundation.org obavlja u okviru registrovane delatnosti Fondacije Novak \u0110okovi\u0107, Bulevar Arsenija Carnojevica 59b , mat.br. 17702041, PIB: 105377699, Tel.: +381112600010, adresa za izjavljivanje reklamacije je: <a href=\"mailto:education@novakdjokovicfoundation.org\">education@novakdjokovicfoundation.org<\/a>. Prilikom kupovine na Online akademiji Fondacije Novak \u0110okovi\u0107 va\u017ei pretpostavka da ste se upoznali i prihvatili Op\u0161te uslove kori\u0161\u0107enja koji slede u nastavku. Molimo vas da iste pa\u017eljivo pro\u010ditate.<\/p>\n<p style=\"text-align: left;\"><span style=\"color: #000000;\"><strong><span style=\"text-decoration: underline;\">IZJAVA O ZA\u0160TITI PODATAKA O LI\u010cNOSTI<\/span><\/strong><\/span><\/p>\n<p style=\"text-align: left;\">U cilju uspe\u0161ne obrade va\u0161e porud\u017ebine, neophodno je da nam dostavite slede\u0107e podatke:<br \/>\u2022 va\u0161e ime i prezime, <br \/>\u2022 adresa,<br \/>\u2022 e-mail, <br \/>\u2022 kontakt telefon. <br \/>Navedeni podaci nam omogu\u0107avaju da na efikasan na\u010din obradimo va\u0161 nalog za kupovinu, da vas obavestimo o trenutnom statusu va\u0161eg naloga za kupovinu ili obradimo va\u0161u eventualnu reklamaciju. <br \/>Pored navedenih podataka, prikupljamo, analiziramo i obra\u0111ujemo podatke o webinarima koje na\u0161i korisnici tra\u017ee i kupuju, kao i o stranicama koje pose\u0107uju. Te podatke koristimo da bismo pobolj\u0161ali kvalitet sadr\u017eaja na Online akademiji, ponudu i izgled na\u0161ih stranica, kao i da bismo vam omogu\u0107ili jednostavniju i br\u017eu kupovinu. Svi podaci o korisnicima se \u010duvaju u skladu sa najvi\u0161im profesionalnim standardima, nisu dostupni tre\u0107im licima ve\u0107 isklju\u010divo zaposlenima kojima su nu\u017eni za obavljanje posla. Fondacija Novak \u0110okovi\u0107 je posve\u0107ena po\u0161tovanju svih obaveza koje predvi\u0111a Zakon o za\u0161titi podataka o li\u010dnosti (&#8222;Sl. glasnik RS&#8220;, br. 87\/2018) i obavezuje se da \u010duva privatnost svih posetilaca sajta <span style=\"text-decoration: underline;\">www.novakdjokovicfoundation.org<\/span> i korisnika Online akademije. Svi podaci koje navedete prilikom registracije smatraju se poslovnom tajnom i tako dobijene informacije koriste se isklju\u010divo za potrebe realizacije porud\u017ebine. Registracija korisnika je op\u0161teprihva\u0107eni standard u kupovini preko interneta i koristi se radi za\u0161tite korisnika i njihovih prava. Podaci koji se upisuju prilikom registracije su za\u0161ti\u0107eni i ne\u0107e biti ustupani tre\u0107im licima niti objavljivani na bilo koji na\u010din. Informacije o novostima, newsletters i sli\u010dno,dostavljaju se isklju\u010divo licima koja su se prijavila na listu za prijem ovakve po\u0161te.<\/p>\n<p><span style=\"color: #000000;\"><strong>NA\u010cIN PLA\u0106ANJA<\/strong><\/span><\/p>\n<p>Online akademija podr\u017eava isklju\u010divo pla\u0107anje platnim karticama.<\/p>\n<p>Prilikom uno\u0161enja podataka o platnoj kartici, poverljive informacije se prenose putem trenutno najsavremenije kriptografske tehnologije. Niti jednog trenutka podaci o platnoj kartici nisu dostupni na\u0161em sistemu. Fondacija Novak \u0110okovi\u0107 od korisnika ne\u0107e zahtevati i arhivirati u bilo kojoj elektronskoj formi, podatke vezane za platnu karticu kojom se transakcija realizuje a posebno broj kartice, datum isticanja, CVC2 i CVV broj, itd.<\/p>\n<p><span style=\"color: #000000;\"><strong>Izjava o PDV-u<\/strong><\/span><\/p>\n<p>PDV je ura\u010dunat u cenu i nema skrivenih tro\u0161kova.<\/p>\n<p><span style=\"color: #000000;\"><strong>ZA\u0160TITA POVERLJIVIH PODATAKA O TRANSAKCIJI<\/strong><\/span><\/p>\n<p>Prilikom uno\u0161enja podataka o platnoj kartici, poverljive informacije se prenose putem javne mre\u017ee u za\u0161ti\u0107enoj (kriptovanoj) formi upotrebom ssl protokola i pki sistema, kao trenutno najsavremenije tehnologije. Sigurnost podataka prilikom kupovine, garantuje procesor platnih kartica, Chipcard, pa se tako kompletni proces naplate obavlja na stranicama Chipcard-a. Niti jednog trenutka podaci o platnoj kartici nisu dostupni na\u0161em sistemu.<\/p>\n<p><span style=\"color: #000000;\"><strong>ZA\u0160TITA PRIVATNOSTI KORISNIKA<\/strong><\/span><\/p>\n<p>U ime Fondacije Novak \u0110okovi\u0107 obavezujemo se da \u0107emo \u010duvati privatnost svih na\u0161ih kupaca. Prikupljamo samo neophodne, osnovne podatke o kupcima\/korisnicima i podatke neophodne za poslovanje i informisanje korisnika uskladu sa dobrim poslovnim obi\u010dajima i u cilju pru\u017eanja kvalitetne usluge. Kupcima je pru\u017eena mogu\u0107nost izbora uklju\u010duju\u0107i mogu\u0107nost odluke da li \u017eele ili ne da se izbri\u0161u sa mailing lista koje se koriste za marketin\u0161ke kampanje. Svi podaci o korisnicima\/kupcima se strogo \u010duvaju i dostupni su samo zaposlenima kojima su ti podaci nu\u017eni za obavljanje posla. Svi zaposleni u Fondaciji Novak \u0110okovi\u0107 (i poslovni partneri) odgovorni su za po\u0161tovanje na\u010dela za\u0161tite privatnosti.<\/p>\n<p><span style=\"color: #000000;\"><strong>POLITIKA DOSTAVE USLUGE<\/strong><\/span><\/p>\n<p>Korisnik koji uspe\u0161no izvr\u0161i pla\u0107anje usluge, a Fondacija Novak \u0110okovi\u0107 dobije potvrdu uplate od banke u toku transakcije, uslugu dobija odmah i o tome dobija jasno obave\u0161tenje preko weba i e-maila. U slu\u010daju tehni\u010dkog problema, a ukoliko korisnik ne dobije uslugu, potrebno je da uputi reklamaciju Fondaciji Novak \u0110okovi\u0107.<\/p>\n<p><span style=\"color: #000000;\"><strong>IZJAVA O KONVERZIJI<\/strong><\/span><\/p>\n<p>Sva pla\u0107anja bi\u0107e izvr\u0161ena u lokalnoj valuti Republike Srbije \u2013 dinar (RSD). Za informativni prikaz cena u drugim valutama koristi se srednji kurs Narodne Banke Srbije. Iznos za koji \u0107e biti zadu\u017eena Va\u0161a platna kartica bi\u0107e izra\u017een u Va\u0161oj lokalnoj valuti kroz konverziju u istu po kursu koji koriste karti\u010darske organizacije, a koji nama u trenutku transakcije ne mo\u017ee biti poznat. Kao rezultat ove konverzije postoji mogu\u0107nost neznatne razlike od originalne cene navedene na na\u0161em sajtu. Hvala Vam na razumevanju.<\/p>\n<p><span style=\"color: #000000;\"><strong>OGRANI\u010cENJA NA ISPORUKU USLUGE<\/strong><\/span><\/p>\n<p>Ukoliko korisnik ne ispunjava tehni\u010dke uslove za isporuku usluge, Fondacija Novak \u0110okovi\u0107 ne mo\u017ee garantovati isporuku usluge. Ukoliko je nalog korisnika neregularan u sistemu iz bilo kog razloga, korisnik ne\u0107e mo\u0107i da dobije uslugu. U ovom slu\u010daju potrebno je da korisnik uputi reklamaciju Fondaciji Novak \u0110okovi\u0107.<\/p>\n<p><span style=\"color: #000000;\"><strong>POLITIKA REKLAMACIJA I POVRA\u0106AJ SREDSTAVA<\/strong><\/span><\/p>\n<p>Ukoliko korisnik nije zadovoljan uslugom ili ima tehni\u010dki problem, a u skladu sa op\u0161tim uslovima kori\u0161\u0107enja, prihva\u0107enim uslovima ili potpisanim ugovorom kori\u0161\u0107enja usluge, ima pravo da uputi reklamaciju na e-mail adresu education@novakdjokovicfoundation.org ili kontakt telefon: +381112600010. Reklamacija \u0107e biti re\u0161ena u skladu sa va\u017ee\u0107im zakonskim normama.<\/p>\n<p>Fondacija Novak \u0110okovi\u0107 je du\u017ena da odgovori na reklamaciju u roku od tri radna dana, ne ra\u010dunaju\u0107i dan prijave reklamacije. U slu\u010daju uva\u017eene reklamacije kupcu koji je prethodno platio nekom od platnih kartica, delimi\u010dno ili u celosti, Fondacija Novak \u0110okovi\u0107 je u obavezi da povra\u0107aj vr\u0161i isklju\u010divo preko VISA, EC\/MC, Maestro i Dina metoda pla\u0107anja, \u0161to zna\u010di da \u0107e banka na zahtev prodavca obaviti povra\u0107aj sredstava na ra\u010dun korisnika kartice. Korisnik Online akademije ima pravo na povra\u0107aj sredstava koje je uplatio, u procentu u kom nije iskoristio uslugu, umanjenom za tro\u0161kove koje je Fondacija Novak \u0110okovi\u0107 imala, a koji su nastali kao posledica kori\u0161\u0107enja usluge.<\/p>\n<p>U skladu sa \u010dl. 36. Zakona o za\u0161titi potro\u0161a\u010da (&#8222;Sl. glasnik RS&#8220;, br. 88\/2021) korisnik nema pravo da odustane od ugovora u slu\u010daju pru\u017eanja usluga, nakon \u0161to je usluga u potpunosti izvr\u0161ena, ako je pru\u017eanje usluge po\u010delo nakon izri\u010dite prethodne saglasnosti potro\u0161a\u010da i uz njegovu potvrdu da zna da gubi pravo na odustanak od ugovora kada trgovac u potpunosti izvr\u0161i ugovor.<\/p>\n<p><strong>\u00a0<\/strong><\/p>\n<p><span style=\"color: #000000;\"><strong>AUTORSKA PRAVA I DRUGA PRAVA INTELEKTUALNE SVOJINE<\/strong><\/span><\/p>\n<p>Ovim putem Vas obave\u0161tavamo da sva autorska prava, registrovani znakovi i druga prava intelektualne svojine na sve sadr\u017eaje (tekstualne, vizualne i audio materijale, dizajn, slike, baze podataka, programerski kod i sl.) na ovom veb sajtu pripadaju Fondaciji Novak \u0110okovi\u0107 ili subjektima koji su Fondaciji Novak \u0110okovi\u0107 dali dozvolu za njihovu upotrebu. Navedene materijale mo\u017eete da koristite samo u meri koja je izri\u010dito navedena i koja je potrebna za va\u0161u li\u010dnu, nekomercijalnu upotrebu ili za formiranje Va\u0161e porud\u017ebine i kori\u0161\u0107enje drugih usluga koje Vam omogu\u0107avamo posredstvom ovog veb sajta. S tim u vezi napominjemo da je zabranjeno na bilo koji na\u010din menjati sadr\u017eaj ovog sajta, ili isti reprodukovati ili javno prikazivati, distribuirati ili na drugi na\u010din koristiti u javne ili komercijalne svrhe, tako da svaka neovla\u0161\u0107ena upotreba mo\u017ee predstavljati kr\u0161enje propisa koji reguli\u0161u ovu oblast. Kori\u0161\u0107enjem bilo kog dela ovog veb sajta, smatra se da ste upoznati s ovim uslovima, kao i da prihvatate kori\u0161\u0107enje sadr\u017eaja ove stranice isklju\u010divo za li\u010dnu upotrebu i na vlastitu odgovornost.<\/p>\n<p><span style=\"color: #000000;\"><strong>PROMENE OP\u0160TIH USLOVA<\/strong><\/span><\/p>\n<p>Fondacija Novak \u0110okovi\u0107 zadr\u017eava pravo da sve gore navedene uslove promeni. O svim izmenama ovih op\u0161tih uslova poznati korisnici \u0107e biti obave\u0161teni putem njihove registrovane e-mail adrese. Smatra se da su korisnici upoznati sa promenama op\u0161tih uslova prilikom svake slede\u0107e porud\u017ebine, nakon slanja obave\u0161tenja.<\/p>\n\t\t\t\t\t\t\t\t<\/div>\n\t\t\t\t<\/div>\n\t\t\t\t<div class=\"elementor-element elementor-element-0abd77f elementor-hidden-desktop elementor-hidden-tablet elementor-hidden-mobile color-scheme-inherit text-left elementor-widget elementor-widget-text-editor\" data-id=\"0abd77f\" data-element_type=\"widget\" data-e-type=\"widget\" data-widget_type=\"text-editor.default\">\n\t\t\t\t<div class=\"elementor-widget-container\">\n\t\t\t\t\t\t\t\t\t\n<h5>Who we are<\/h5>\n\n<p><strong class=\"privacy-policy-tutorial\">Suggested text: <\/strong>Our website address is: https:\/\/shop.novakdjokovicfoundation.org.<\/p>\n\n<h5>Comments<\/h5>\n\n<p><strong class=\"privacy-policy-tutorial\">Suggested text: <\/strong>When visitors leave comments on the site we collect the data shown in the comments form, and also the visitor\u2019s IP address and browser user agent string to help spam detection.<\/p>\n\n<p>An anonymized string created from your email address (also called a hash) may be provided to the Gravatar service to see if you are using it. The Gravatar service privacy policy is available here: https:\/\/automattic.com\/privacy\/. After approval of your comment, your profile picture is visible to the public in the context of your comment.<\/p>\n\n<h5>Media<\/h5>\n\n<p><strong class=\"privacy-policy-tutorial\">Suggested text: <\/strong>If you upload images to the website, you should avoid uploading images with embedded location data (EXIF GPS) included. Visitors to the website can download and extract any location data from images on the website.<\/p>\n\n<h5>Cookies<\/h5>\n\n<p><strong class=\"privacy-policy-tutorial\">Suggested text: <\/strong>If you leave a comment on our site you may opt-in to saving your name, email address and website in cookies. These are for your convenience so that you do not have to fill in your details again when you leave another comment. These cookies will last for one year.<\/p>\n\n<p>If you visit our login page, we will set a temporary cookie to determine if your browser accepts cookies. This cookie contains no personal data and is discarded when you close your browser.<\/p>\n\n<p>When you log in, we will also set up several cookies to save your login information and your screen display choices. Login cookies last for two days, and screen options cookies last for a year. If you select &#8222;Remember Me&#8220;, your login will persist for two weeks. If you log out of your account, the login cookies will be removed.<\/p>\n\n<p>If you edit or publish an article, an additional cookie will be saved in your browser. This cookie includes no personal data and simply indicates the post ID of the article you just edited. It expires after 1 day.<\/p>\n\n<h5>Embedded content from other websites<\/h5>\n\n<p><strong class=\"privacy-policy-tutorial\">Suggested text: <\/strong>Articles on this site may include embedded content (e.g. videos, images, articles, etc.). Embedded content from other websites behaves in the exact same way as if the visitor has visited the other website.<\/p>\n\n<p>These websites may collect data about you, use cookies, embed additional third-party tracking, and monitor your interaction with that embedded content, including tracking your interaction with the embedded content if you have an account and are logged in to that website.<\/p>\n\n<h5>Who we share your data with<\/h5>\n\n<p><strong class=\"privacy-policy-tutorial\">Suggested text: <\/strong>If you request a password reset, your IP address will be included in the reset email.<\/p>\n\n<h5>How long we retain your data<\/h5>\n\n<p><strong class=\"privacy-policy-tutorial\">Suggested text: <\/strong>If you leave a comment, the comment and its metadata are retained indefinitely. This is so we can recognize and approve any follow-up comments automatically instead of holding them in a moderation queue.<\/p>\n\n<p>For users that register on our website (if any), we also store the personal information they provide in their user profile. All users can see, edit, or delete their personal information at any time (except they cannot change their username). Website administrators can also see and edit that information.<\/p>\n\n<h5>What rights you have over your data<\/h5>\n\n<p><strong class=\"privacy-policy-tutorial\">Suggested text: <\/strong>If you have an account on this site, or have left comments, you can request to receive an exported file of the personal data we hold about you, including any data you have provided to us. You can also request that we erase any personal data we hold about you. This does not include any data we are obliged to keep for administrative, legal, or security purposes.<\/p>\n\n<h5>Where we send your data<\/h5>\n\n<p><strong class=\"privacy-policy-tutorial\">Suggested text: <\/strong>Visitor comments may be checked through an automated spam detection service.<\/p>\n\t\t\t\t\t\t\t\t<\/div>\n\t\t\t\t<\/div>\n\t\t\t\t\t<\/div>\n\t\t<\/div>\n\t\t\t\t\t<\/div>\n\t\t<\/section>\n\t\t\t\t<\/div>\n\t\t","protected":false},"excerpt":{"rendered":"<p>OP\u0160TI USLOVI KORI\u0160\u0106ENJA FONDACIJA NOVAK \u0110OKOVI\u0106 Bulevar Arsenija Carnojevica 59bMati\u010dni broj: 17702041PIB: 105377699\u0160ifra delatnosti: 9499 &#8211; Delatnost ostalih organizacija na<\/p>\n","protected":false},"author":1,"featured_media":0,"parent":0,"menu_order":0,"comment_status":"closed","ping_status":"closed","template":"elementor_theme","meta":{"footnotes":""},"class_list":["post-8724","page","type-page","status-publish","hentry"],"yoast_head":"<!-- This site is optimized with the Yoast SEO plugin v27.0 - https:\/\/yoast.com\/product\/yoast-seo-wordpress\/ -->\n<title>NDF Online Shop | Uslovi kori\u0161\u0107enja<\/title>\n<meta name=\"description\" content=\"Introducing the ultimate tribute to one of the greatest athletes in tennis history - the Novak Djokovic Year-End #1 Yearbook Collection\" \/>\n<meta name=\"robots\" content=\"index, follow, max-snippet:-1, max-image-preview:large, max-video-preview:-1\" \/>\n<link rel=\"canonical\" href=\"https:\/\/shop.novakdjokovicfoundation.org\/terms-and-conditions\/\" \/>\n<meta property=\"og:locale\" content=\"sr_RS\" \/>\n<meta property=\"og:type\" content=\"article\" \/>\n<meta property=\"og:title\" content=\"NDF Online Shop | Uslovi kori\u0161\u0107enja\" \/>\n<meta property=\"og:description\" content=\"Introducing the ultimate tribute to one of the greatest athletes in tennis history - the Novak Djokovic Year-End #1 Yearbook Collection\" \/>\n<meta property=\"og:url\" content=\"https:\/\/shop.novakdjokovicfoundation.org\/terms-and-conditions\/\" \/>\n<meta property=\"og:site_name\" content=\"NDF Online Shop\" \/>\n<meta property=\"article:modified_time\" content=\"2023-07-25T11:16:34+00:00\" \/>\n<meta property=\"og:image\" content=\"https:\/\/shop.novakdjokovicfoundation.org\/wp-content\/uploads\/2023\/04\/share-image-ndj-shop.png\" \/>\n\t<meta property=\"og:image:width\" content=\"1200\" \/>\n\t<meta property=\"og:image:height\" content=\"630\" \/>\n\t<meta property=\"og:image:type\" content=\"image\/png\" \/>\n<meta name=\"twitter:card\" content=\"summary_large_image\" \/>\n<meta name=\"twitter:label1\" content=\"Procenjeno vreme \u010ditanja\" \/>\n\t<meta name=\"twitter:data1\" content=\"11 minuta\" \/>\n<script type=\"application\/ld+json\" class=\"yoast-schema-graph\">{\"@context\":\"https:\/\/schema.org\",\"@graph\":[{\"@type\":\"WebPage\",\"@id\":\"https:\/\/shop.novakdjokovicfoundation.org\/terms-and-conditions\/\",\"url\":\"https:\/\/shop.novakdjokovicfoundation.org\/terms-and-conditions\/\",\"name\":\"NDF Online Shop | Uslovi kori\u0161\u0107enja\",\"isPartOf\":{\"@id\":\"https:\/\/shop.novakdjokovicfoundation.org\/#website\"},\"datePublished\":\"2022-12-01T12:33:50+00:00\",\"dateModified\":\"2023-07-25T11:16:34+00:00\",\"description\":\"Introducing the ultimate tribute to one of the greatest athletes in tennis history - the Novak Djokovic Year-End #1 Yearbook Collection\",\"breadcrumb\":{\"@id\":\"https:\/\/shop.novakdjokovicfoundation.org\/terms-and-conditions\/#breadcrumb\"},\"inLanguage\":\"sr-RS\",\"potentialAction\":[{\"@type\":\"ReadAction\",\"target\":[\"https:\/\/shop.novakdjokovicfoundation.org\/terms-and-conditions\/\"]}]},{\"@type\":\"BreadcrumbList\",\"@id\":\"https:\/\/shop.novakdjokovicfoundation.org\/terms-and-conditions\/#breadcrumb\",\"itemListElement\":[{\"@type\":\"ListItem\",\"position\":1,\"name\":\"Po\u010detna\",\"item\":\"https:\/\/shop.novakdjokovicfoundation.org\/sr\/\"},{\"@type\":\"ListItem\",\"position\":2,\"name\":\"Uslovi kori\u0161\u0107enja\"}]},{\"@type\":\"WebSite\",\"@id\":\"https:\/\/shop.novakdjokovicfoundation.org\/#website\",\"url\":\"https:\/\/shop.novakdjokovicfoundation.org\/\",\"name\":\"Novak Djokovic Foundation Online Shop\",\"description\":\"\",\"potentialAction\":[{\"@type\":\"SearchAction\",\"target\":{\"@type\":\"EntryPoint\",\"urlTemplate\":\"https:\/\/shop.novakdjokovicfoundation.org\/?s={search_term_string}\"},\"query-input\":{\"@type\":\"PropertyValueSpecification\",\"valueRequired\":true,\"valueName\":\"search_term_string\"}}],\"inLanguage\":\"sr-RS\"}]}<\/script>\n<!-- \/ Yoast SEO plugin. -->","yoast_head_json":{"title":"NDF Online Shop | Uslovi kori\u0161\u0107enja","description":"Introducing the ultimate tribute to one of the greatest athletes in tennis history - the Novak Djokovic Year-End #1 Yearbook Collection","robots":{"index":"index","follow":"follow","max-snippet":"max-snippet:-1","max-image-preview":"max-image-preview:large","max-video-preview":"max-video-preview:-1"},"canonical":"https:\/\/shop.novakdjokovicfoundation.org\/terms-and-conditions\/","og_locale":"sr_RS","og_type":"article","og_title":"NDF Online Shop | Uslovi kori\u0161\u0107enja","og_description":"Introducing the ultimate tribute to one of the greatest athletes in tennis history - the Novak Djokovic Year-End #1 Yearbook Collection","og_url":"https:\/\/shop.novakdjokovicfoundation.org\/terms-and-conditions\/","og_site_name":"NDF Online Shop","article_modified_time":"2023-07-25T11:16:34+00:00","og_image":[{"width":1200,"height":630,"url":"https:\/\/shop.novakdjokovicfoundation.org\/wp-content\/uploads\/2023\/04\/share-image-ndj-shop.png","type":"image\/png"}],"twitter_card":"summary_large_image","twitter_misc":{"Procenjeno vreme \u010ditanja":"11 minuta"},"schema":{"@context":"https:\/\/schema.org","@graph":[{"@type":"WebPage","@id":"https:\/\/shop.novakdjokovicfoundation.org\/terms-and-conditions\/","url":"https:\/\/shop.novakdjokovicfoundation.org\/terms-and-conditions\/","name":"NDF Online Shop | Uslovi kori\u0161\u0107enja","isPartOf":{"@id":"https:\/\/shop.novakdjokovicfoundation.org\/#website"},"datePublished":"2022-12-01T12:33:50+00:00","dateModified":"2023-07-25T11:16:34+00:00","description":"Introducing the ultimate tribute to one of the greatest athletes in tennis history - the Novak Djokovic Year-End #1 Yearbook Collection","breadcrumb":{"@id":"https:\/\/shop.novakdjokovicfoundation.org\/terms-and-conditions\/#breadcrumb"},"inLanguage":"sr-RS","potentialAction":[{"@type":"ReadAction","target":["https:\/\/shop.novakdjokovicfoundation.org\/terms-and-conditions\/"]}]},{"@type":"BreadcrumbList","@id":"https:\/\/shop.novakdjokovicfoundation.org\/terms-and-conditions\/#breadcrumb","itemListElement":[{"@type":"ListItem","position":1,"name":"Po\u010detna","item":"https:\/\/shop.novakdjokovicfoundation.org\/sr\/"},{"@type":"ListItem","position":2,"name":"Uslovi kori\u0161\u0107enja"}]},{"@type":"WebSite","@id":"https:\/\/shop.novakdjokovicfoundation.org\/#website","url":"https:\/\/shop.novakdjokovicfoundation.org\/","name":"Novak Djokovic Foundation Online Shop","description":"","potentialAction":[{"@type":"SearchAction","target":{"@type":"EntryPoint","urlTemplate":"https:\/\/shop.novakdjokovicfoundation.org\/?s={search_term_string}"},"query-input":{"@type":"PropertyValueSpecification","valueRequired":true,"valueName":"search_term_string"}}],"inLanguage":"sr-RS"}]}},"_links":{"self":[{"href":"https:\/\/shop.novakdjokovicfoundation.org\/sr\/wp-json\/wp\/v2\/pages\/8724","targetHints":{"allow":["GET"]}}],"collection":[{"href":"https:\/\/shop.novakdjokovicfoundation.org\/sr\/wp-json\/wp\/v2\/pages"}],"about":[{"href":"https:\/\/shop.novakdjokovicfoundation.org\/sr\/wp-json\/wp\/v2\/types\/page"}],"author":[{"embeddable":true,"href":"https:\/\/shop.novakdjokovicfoundation.org\/sr\/wp-json\/wp\/v2\/users\/1"}],"replies":[{"embeddable":true,"href":"https:\/\/shop.novakdjokovicfoundation.org\/sr\/wp-json\/wp\/v2\/comments?post=8724"}],"version-history":[{"count":3,"href":"https:\/\/shop.novakdjokovicfoundation.org\/sr\/wp-json\/wp\/v2\/pages\/8724\/revisions"}],"predecessor-version":[{"id":11116,"href":"https:\/\/shop.novakdjokovicfoundation.org\/sr\/wp-json\/wp\/v2\/pages\/8724\/revisions\/11116"}],"wp:attachment":[{"href":"https:\/\/shop.novakdjokovicfoundation.org\/sr\/wp-json\/wp\/v2\/media?parent=8724"}],"curies":[{"name":"wp","href":"https:\/\/api.w.org\/{rel}","templated":true}]}}